{"id":1446,"date":"2021-11-16T15:11:55","date_gmt":"2021-11-16T14:11:55","guid":{"rendered":"http:\/\/ehpad-raymondpoulin.com\/?page_id=1446"},"modified":"2022-01-05T13:41:29","modified_gmt":"2022-01-05T12:41:29","slug":"accueil-permanent","status":"publish","type":"page","link":"https:\/\/ehpad-raymondpoulin.com\/?page_id=1446","title":{"rendered":"Accueil permanent"},"content":{"rendered":"<div data-colibri-id=\"1446-c1\" class=\"style-607 style-local-1446-c1 position-relative\">\n  <!---->\n  <div data-colibri-component=\"section\" data-colibri-id=\"1446-c2\" id=\"about\" class=\"h-section h-section-global-spacing d-flex align-items-lg-center align-items-md-center align-items-center style-616 style-local-1446-c2 position-relative\">\n    <!---->\n    <!---->\n    <div class=\"h-section-grid-container h-section-boxed-container\">\n      <!---->\n      <div data-colibri-id=\"1446-c3\" class=\"h-row-container gutters-row-lg-0 gutters-row-md-0 gutters-row-0 gutters-row-v-lg-0 gutters-row-v-md-0 gutters-row-v-0 style-617 style-local-1446-c3 position-relative\">\n        <!---->\n        <div class=\"h-row justify-content-lg-center justify-content-md-center justify-content-center align-items-lg-stretch align-items-md-stretch align-items-stretch gutters-col-lg-0 gutters-col-md-0 gutters-col-0 gutters-col-v-lg-0 gutters-col-v-md-0 gutters-col-v-0\">\n          <!---->\n          <div class=\"h-column h-column-container d-flex h-col-lg-auto h-col-md-auto h-col-auto style-618-outer style-local-1446-c4-outer\">\n            <div data-colibri-id=\"1446-c4\" class=\"d-flex h-flex-basis h-column__inner h-px-lg-0 h-px-md-0 h-px-0 v-inner-lg-0 v-inner-md-0 v-inner-0 style-618 style-local-1446-c4 position-relative\">\n              <!---->\n              <!---->\n              <div class=\"w-100 h-y-container h-column__content h-column__v-align flex-basis-100 align-self-lg-start align-self-md-start align-self-start\">\n                <!---->\n                <div data-colibri-id=\"1446-c5\" class=\"h-global-transition-all h-heading style-620 style-local-1446-c5 position-relative h-element\">\n                  <!---->\n                  <div class=\"h-heading__outer style-620 style-local-1446-c5\">\n                    <!---->\n                    <!---->\n                    <h2 class=\"\">&#8220;Accueil permanent&#8221;<\/h2>\n                  <\/div>\n                <\/div>\n                <div data-colibri-id=\"1446-c6\" class=\"h-text h-text-component style-621 style-local-1446-c6 position-relative h-element\">\n                  <!---->\n                  <!---->\n                  <div class=\"\">\n                    <p><span style=\"font-size: 105%; font-family: Antic; color: rgb(0, 0, 0);\">108 chambres sont d\u00e9di\u00e9es \u00e0 l\u2019h\u00e9bergement permanent. <\/span><\/p>\n                    <p><span style=\"font-size: 105%; font-family: Antic; color: rgb(0, 0, 0);\">Ces chambres seront personnalis\u00e9es par vos soins. Vous pourrez y installer vos meubles et votre d\u00e9coration. <\/span><\/p>\n                    <p><span style=\"font-size: 105%; font-family: Antic; color: rgb(0, 0, 0);\">L\u2019EHPAD fournit le lit m\u00e9dicalis\u00e9.<\/span><\/p>\n                    <p><span style=\"font-size: 105%; font-family: Antic; color: rgb(0, 0, 0);\">Les statuts de l\u2019association pr\u00e9voient que l\u2019EHPAD Raymond Poulin ne peut accueillir en permanent que des r\u00e9sidents de Saint-Jean-de-la-Ruelle ou la proche couronne (Orl\u00e9ans ouest ; La-Chapelle-Saint-Mesmin, Ingr\u00e9, Ormes).<\/span><\/p>\n                  <\/div>\n                <\/div>\n              <\/div>\n            <\/div>\n          <\/div>\n          <div data-aos=\"slideInRight\" class=\"h-column h-column-container d-flex h-col-lg-auto h-col-md-auto h-col-auto style-622-outer style-local-1446-c7-outer\">\n            <div data-colibri-id=\"1446-c7\" class=\"d-flex h-flex-basis h-column__inner h-ui-empty-state-container h-px-lg-2 h-px-md-2 h-px-2 v-inner-lg-2 v-inner-md-2 v-inner-2 style-622 style-local-1446-c7 position-relative\">\n              <!---->\n              <!---->\n              <div class=\"w-100 h-y-container h-column__content h-column__v-align flex-basis-100\">\n                <!---->\n              <\/div>\n            <\/div>\n          <\/div>\n        <\/div>\n      <\/div>\n    <\/div>\n  <\/div>\n<\/div>","protected":false},"excerpt":{"rendered":"<p>&#8220;Accueil permanent&#8221; 108 chambres sont d\u00e9di\u00e9es \u00e0 l\u2019h\u00e9bergement permanent. Ces chambres seront personnalis\u00e9es par vos soins. Vous pourrez y installer vos meubles et votre d\u00e9coration. L\u2019EHPAD fournit le lit m\u00e9dicalis\u00e9. Les statuts de l\u2019association pr\u00e9voient que l\u2019EHPAD Raymond Poulin ne peut accueillir en permanent que des r\u00e9sidents de Saint-Jean-de-la-Ruelle ou la proche couronne (Orl\u00e9ans ouest [&hellip;]<\/p>\n","protected":false},"author":1,"featured_media":0,"parent":0,"menu_order":0,"comment_status":"closed","ping_status":"closed","template":"page-templates\/full-width-page.php","meta":[],"yoast_head":"<!-- This site is optimized with the Yoast SEO plugin v17.5 - https:\/\/yoast.com\/wordpress\/plugins\/seo\/ -->\n<title>Accueil permanent - EHPAD Raymond Poulin<\/title>\n<meta name=\"robots\" content=\"index, follow, max-snippet:-1, max-image-preview:large, max-video-preview:-1\" \/>\n<link rel=\"canonical\" href=\"https:\/\/ehpad-raymondpoulin.com\/?page_id=1446\" \/>\n<meta property=\"og:locale\" content=\"fr_FR\" \/>\n<meta property=\"og:type\" content=\"article\" \/>\n<meta property=\"og:title\" content=\"Accueil permanent - EHPAD Raymond Poulin\" \/>\n<meta property=\"og:description\" content=\"&#8220;Accueil permanent&#8221; 108 chambres sont d\u00e9di\u00e9es \u00e0 l\u2019h\u00e9bergement permanent. Ces chambres seront personnalis\u00e9es par vos soins. Vous pourrez y installer vos meubles et votre d\u00e9coration. L\u2019EHPAD fournit le lit m\u00e9dicalis\u00e9. Les statuts de l\u2019association pr\u00e9voient que l\u2019EHPAD Raymond Poulin ne peut accueillir en permanent que des r\u00e9sidents de Saint-Jean-de-la-Ruelle ou la proche couronne (Orl\u00e9ans ouest [&hellip;]\" \/>\n<meta property=\"og:url\" content=\"https:\/\/ehpad-raymondpoulin.com\/?page_id=1446\" \/>\n<meta property=\"og:site_name\" content=\"EHPAD Raymond Poulin\" \/>\n<meta property=\"article:modified_time\" content=\"2022-01-05T12:41:29+00:00\" \/>\n<meta name=\"twitter:card\" content=\"summary_large_image\" \/>\n<script type=\"application\/ld+json\" class=\"yoast-schema-graph\">{\"@context\":\"https:\/\/schema.org\",\"@graph\":[{\"@type\":\"WebSite\",\"@id\":\"http:\/\/ehpad-raymondpoulin.com\/#website\",\"url\":\"http:\/\/ehpad-raymondpoulin.com\/\",\"name\":\"EHPAD Raymond Poulin\",\"description\":\"EHPAD RAYMOND POULIN\",\"potentialAction\":[{\"@type\":\"SearchAction\",\"target\":{\"@type\":\"EntryPoint\",\"urlTemplate\":\"http:\/\/ehpad-raymondpoulin.com\/?s={search_term_string}\"},\"query-input\":\"required name=search_term_string\"}],\"inLanguage\":\"fr-FR\"},{\"@type\":\"WebPage\",\"@id\":\"https:\/\/ehpad-raymondpoulin.com\/?page_id=1446#webpage\",\"url\":\"https:\/\/ehpad-raymondpoulin.com\/?page_id=1446\",\"name\":\"Accueil permanent - EHPAD Raymond Poulin\",\"isPartOf\":{\"@id\":\"http:\/\/ehpad-raymondpoulin.com\/#website\"},\"datePublished\":\"2021-11-16T14:11:55+00:00\",\"dateModified\":\"2022-01-05T12:41:29+00:00\",\"breadcrumb\":{\"@id\":\"https:\/\/ehpad-raymondpoulin.com\/?page_id=1446#breadcrumb\"},\"inLanguage\":\"fr-FR\",\"potentialAction\":[{\"@type\":\"ReadAction\",\"target\":[\"https:\/\/ehpad-raymondpoulin.com\/?page_id=1446\"]}]},{\"@type\":\"BreadcrumbList\",\"@id\":\"https:\/\/ehpad-raymondpoulin.com\/?page_id=1446#breadcrumb\",\"itemListElement\":[{\"@type\":\"ListItem\",\"position\":1,\"name\":\"Accueil\",\"item\":\"http:\/\/ehpad-raymondpoulin.com\/\"},{\"@type\":\"ListItem\",\"position\":2,\"name\":\"Accueil permanent\"}]}]}<\/script>\n<!-- \/ Yoast SEO plugin. -->","yoast_head_json":{"title":"Accueil permanent - EHPAD Raymond Poulin","robots":{"index":"index","follow":"follow","max-snippet":"max-snippet:-1","max-image-preview":"max-image-preview:large","max-video-preview":"max-video-preview:-1"},"canonical":"https:\/\/ehpad-raymondpoulin.com\/?page_id=1446","og_locale":"fr_FR","og_type":"article","og_title":"Accueil permanent - EHPAD Raymond Poulin","og_description":"&#8220;Accueil permanent&#8221; 108 chambres sont d\u00e9di\u00e9es \u00e0 l\u2019h\u00e9bergement permanent. Ces chambres seront personnalis\u00e9es par vos soins. Vous pourrez y installer vos meubles et votre d\u00e9coration. L\u2019EHPAD fournit le lit m\u00e9dicalis\u00e9. Les statuts de l\u2019association pr\u00e9voient que l\u2019EHPAD Raymond Poulin ne peut accueillir en permanent que des r\u00e9sidents de Saint-Jean-de-la-Ruelle ou la proche couronne (Orl\u00e9ans ouest [&hellip;]","og_url":"https:\/\/ehpad-raymondpoulin.com\/?page_id=1446","og_site_name":"EHPAD Raymond Poulin","article_modified_time":"2022-01-05T12:41:29+00:00","twitter_card":"summary_large_image","schema":{"@context":"https:\/\/schema.org","@graph":[{"@type":"WebSite","@id":"http:\/\/ehpad-raymondpoulin.com\/#website","url":"http:\/\/ehpad-raymondpoulin.com\/","name":"EHPAD Raymond Poulin","description":"EHPAD RAYMOND POULIN","potentialAction":[{"@type":"SearchAction","target":{"@type":"EntryPoint","urlTemplate":"http:\/\/ehpad-raymondpoulin.com\/?s={search_term_string}"},"query-input":"required name=search_term_string"}],"inLanguage":"fr-FR"},{"@type":"WebPage","@id":"https:\/\/ehpad-raymondpoulin.com\/?page_id=1446#webpage","url":"https:\/\/ehpad-raymondpoulin.com\/?page_id=1446","name":"Accueil permanent - EHPAD Raymond Poulin","isPartOf":{"@id":"http:\/\/ehpad-raymondpoulin.com\/#website"},"datePublished":"2021-11-16T14:11:55+00:00","dateModified":"2022-01-05T12:41:29+00:00","breadcrumb":{"@id":"https:\/\/ehpad-raymondpoulin.com\/?page_id=1446#breadcrumb"},"inLanguage":"fr-FR","potentialAction":[{"@type":"ReadAction","target":["https:\/\/ehpad-raymondpoulin.com\/?page_id=1446"]}]},{"@type":"BreadcrumbList","@id":"https:\/\/ehpad-raymondpoulin.com\/?page_id=1446#breadcrumb","itemListElement":[{"@type":"ListItem","position":1,"name":"Accueil","item":"http:\/\/ehpad-raymondpoulin.com\/"},{"@type":"ListItem","position":2,"name":"Accueil permanent"}]}]}},"_links":{"self":[{"href":"https:\/\/ehpad-raymondpoulin.com\/index.php?rest_route=\/wp\/v2\/pages\/1446"}],"collection":[{"href":"https:\/\/ehpad-raymondpoulin.com\/index.php?rest_route=\/wp\/v2\/pages"}],"about":[{"href":"https:\/\/ehpad-raymondpoulin.com\/index.php?rest_route=\/wp\/v2\/types\/page"}],"author":[{"embeddable":true,"href":"https:\/\/ehpad-raymondpoulin.com\/index.php?rest_route=\/wp\/v2\/users\/1"}],"replies":[{"embeddable":true,"href":"https:\/\/ehpad-raymondpoulin.com\/index.php?rest_route=%2Fwp%2Fv2%2Fcomments&post=1446"}],"version-history":[{"count":11,"href":"https:\/\/ehpad-raymondpoulin.com\/index.php?rest_route=\/wp\/v2\/pages\/1446\/revisions"}],"predecessor-version":[{"id":2806,"href":"https:\/\/ehpad-raymondpoulin.com\/index.php?rest_route=\/wp\/v2\/pages\/1446\/revisions\/2806"}],"wp:attachment":[{"href":"https:\/\/ehpad-raymondpoulin.com\/index.php?rest_route=%2Fwp%2Fv2%2Fmedia&parent=1446"}],"curies":[{"name":"wp","href":"https:\/\/api.w.org\/{rel}","templated":true}]}}