{"id":166,"date":"2021-11-08T11:06:05","date_gmt":"2021-11-08T10:06:05","guid":{"rendered":"http:\/\/ehpad-raymondpoulin.com\/?page_id=166"},"modified":"2022-01-05T13:39:44","modified_gmt":"2022-01-05T12:39:44","slug":"accueil-en-unite-protegee","status":"publish","type":"page","link":"https:\/\/ehpad-raymondpoulin.com\/?page_id=166","title":{"rendered":"Accueil en Unit\u00e9 Prot\u00e9g\u00e9e"},"content":{"rendered":"<div data-colibri-id=\"166-c1\" class=\"style-203 style-local-166-c1 position-relative\">\n  <!---->\n  <div data-colibri-component=\"section\" data-colibri-id=\"166-c2\" id=\"about\" class=\"h-section h-section-global-spacing d-flex align-items-lg-center align-items-md-center align-items-center style-205 style-local-166-c2 position-relative\">\n    <!---->\n    <!---->\n    <div class=\"h-section-grid-container h-section-boxed-container\">\n      <!---->\n      <div data-colibri-id=\"166-c3\" class=\"h-row-container gutters-row-lg-0 gutters-row-md-0 gutters-row-0 gutters-row-v-lg-0 gutters-row-v-md-0 gutters-row-v-0 style-206 style-local-166-c3 position-relative\">\n        <!---->\n        <div class=\"h-row justify-content-lg-center justify-content-md-center justify-content-center align-items-lg-stretch align-items-md-stretch align-items-stretch gutters-col-lg-0 gutters-col-md-0 gutters-col-0 gutters-col-v-lg-0 gutters-col-v-md-0 gutters-col-v-0\">\n          <!---->\n          <div class=\"h-column h-column-container d-flex h-col-lg-auto h-col-md-auto h-col-auto style-207-outer style-local-166-c4-outer\">\n            <div data-colibri-id=\"166-c4\" class=\"d-flex h-flex-basis h-column__inner h-px-lg-0 h-px-md-0 h-px-0 v-inner-lg-0 v-inner-md-0 v-inner-0 style-207 style-local-166-c4 position-relative\">\n              <!---->\n              <!---->\n              <div class=\"w-100 h-y-container h-column__content h-column__v-align flex-basis-100 align-self-lg-end align-self-md-end align-self-end\">\n                <!---->\n                <div data-colibri-id=\"166-c5\" class=\"h-global-transition-all h-heading style-209 style-local-166-c5 position-relative h-element\">\n                  <!---->\n                  <div class=\"h-heading__outer style-209 style-local-166-c5\">\n                    <!---->\n                    <!---->\n                    <h2 class=\"\">&#8220;Les Floralies&#8221;<\/h2>\n                  <\/div>\n                <\/div>\n                <div data-colibri-id=\"166-c6\" class=\"h-text h-text-component style-737 style-local-166-c6 position-relative h-element\">\n                  <!---->\n                  <!---->\n                  <div class=\"\">\n                    <p><span style=\"color: rgb(0, 0, 0); font-family: Antic; font-size: 105%;\">\u00abLes Floralies\u00bb est une UVP(Unit\u00e9 de Vie Prot\u00e9g\u00e9e), structure d\u2019accueil au rez de chauss\u00e9e de l\u2019Ehpad permettant d\u2019accompagner de mani\u00e8re optimale des r\u00e9sidents ayant la maladie d\u2019Alzheimer ou pr\u00e9sentant des sympt\u00f4mes de d\u00e9mence proches de celle-ci. <\/span><\/p>\n                    <p><span style=\"color: rgb(0, 0, 0); font-family: Antic; font-size: 105%;\">L\u2019unit\u00e9 comporte 26 chambres, un vaste salon, une salle de restaurant, un espace sensoriel et un jardin th\u00e9rapeutique. Gr\u00e2ce \u00e0 son \u00e9quipement elle permet diff\u00e9rentes animations. <\/span><\/p>\n                    <p><span style=\"color: rgb(0, 0, 0); font-family: Antic; font-size: 105%;\">Le personnel d\u00e9jeune \u00e0 table avec les r\u00e9sidents. Il peut ainsi aider le r\u00e9sident en tenant compte de son autonomie, ses choix, ses go\u00fbts et son rythme. Le r\u00e9sident est accompagn\u00e9 dans tous les actes de la vie quotidienne. <\/span><\/p>\n                    <p><span style=\"color: rgb(0, 0, 0); font-family: Antic; font-size: 105%;\">Cependant, tout est mis en place pour pr\u00e9server son autonomie afin qu\u2019il puisse conserver ou retrouver l\u2019envie de participer aux diff\u00e9rentes activit\u00e9s.<\/span><\/p>\n                  <\/div>\n                <\/div>\n              <\/div>\n            <\/div>\n          <\/div>\n          <div data-aos=\"slideInRight\" class=\"h-column h-column-container d-flex h-col-lg-auto h-col-md-auto h-col-auto style-211-outer style-local-166-c7-outer\">\n            <div data-colibri-id=\"166-c7\" class=\"d-flex h-flex-basis h-column__inner h-ui-empty-state-container h-px-lg-2 h-px-md-2 h-px-2 v-inner-lg-2 v-inner-md-2 v-inner-2 style-211 style-local-166-c7 position-relative\">\n              <!---->\n              <!---->\n              <div class=\"w-100 h-y-container h-column__content h-column__v-align flex-basis-100\">\n                <!---->\n              <\/div>\n            <\/div>\n          <\/div>\n        <\/div>\n      <\/div>\n    <\/div>\n  <\/div>\n<\/div>","protected":false},"excerpt":{"rendered":"<p>&#8220;Les Floralies&#8221; \u00abLes Floralies\u00bb est une UVP(Unit\u00e9 de Vie Prot\u00e9g\u00e9e), structure d\u2019accueil au rez de chauss\u00e9e de l\u2019Ehpad permettant d\u2019accompagner de mani\u00e8re optimale des r\u00e9sidents ayant la maladie d\u2019Alzheimer ou pr\u00e9sentant des sympt\u00f4mes de d\u00e9mence proches de celle-ci. L\u2019unit\u00e9 comporte 26 chambres, un vaste salon, une salle de restaurant, un espace sensoriel et un jardin [&hellip;]<\/p>\n","protected":false},"author":1,"featured_media":0,"parent":0,"menu_order":0,"comment_status":"closed","ping_status":"closed","template":"page-templates\/full-width-page.php","meta":[],"yoast_head":"<!-- This site is optimized with the Yoast SEO plugin v17.5 - https:\/\/yoast.com\/wordpress\/plugins\/seo\/ -->\n<title>Accueil en Unit\u00e9 Prot\u00e9g\u00e9e - EHPAD Raymond Poulin<\/title>\n<meta name=\"robots\" content=\"index, follow, max-snippet:-1, max-image-preview:large, max-video-preview:-1\" \/>\n<link rel=\"canonical\" href=\"https:\/\/ehpad-raymondpoulin.com\/?page_id=166\" \/>\n<meta property=\"og:locale\" content=\"fr_FR\" \/>\n<meta property=\"og:type\" content=\"article\" \/>\n<meta property=\"og:title\" content=\"Accueil en Unit\u00e9 Prot\u00e9g\u00e9e - EHPAD Raymond Poulin\" \/>\n<meta property=\"og:description\" content=\"&#8220;Les Floralies&#8221; \u00abLes Floralies\u00bb est une UVP(Unit\u00e9 de Vie Prot\u00e9g\u00e9e), structure d\u2019accueil au rez de chauss\u00e9e de l\u2019Ehpad permettant d\u2019accompagner de mani\u00e8re optimale des r\u00e9sidents ayant la maladie d\u2019Alzheimer ou pr\u00e9sentant des sympt\u00f4mes de d\u00e9mence proches de celle-ci. L\u2019unit\u00e9 comporte 26 chambres, un vaste salon, une salle de restaurant, un espace sensoriel et un jardin [&hellip;]\" \/>\n<meta property=\"og:url\" content=\"https:\/\/ehpad-raymondpoulin.com\/?page_id=166\" \/>\n<meta property=\"og:site_name\" content=\"EHPAD Raymond Poulin\" \/>\n<meta property=\"article:modified_time\" content=\"2022-01-05T12:39:44+00:00\" \/>\n<meta name=\"twitter:card\" content=\"summary_large_image\" \/>\n<meta name=\"twitter:label1\" content=\"Dur\u00e9e de lecture est.\" \/>\n\t<meta name=\"twitter:data1\" content=\"1 minute\" \/>\n<script type=\"application\/ld+json\" class=\"yoast-schema-graph\">{\"@context\":\"https:\/\/schema.org\",\"@graph\":[{\"@type\":\"WebSite\",\"@id\":\"http:\/\/ehpad-raymondpoulin.com\/#website\",\"url\":\"http:\/\/ehpad-raymondpoulin.com\/\",\"name\":\"EHPAD Raymond Poulin\",\"description\":\"EHPAD RAYMOND POULIN\",\"potentialAction\":[{\"@type\":\"SearchAction\",\"target\":{\"@type\":\"EntryPoint\",\"urlTemplate\":\"http:\/\/ehpad-raymondpoulin.com\/?s={search_term_string}\"},\"query-input\":\"required name=search_term_string\"}],\"inLanguage\":\"fr-FR\"},{\"@type\":\"WebPage\",\"@id\":\"https:\/\/ehpad-raymondpoulin.com\/?page_id=166#webpage\",\"url\":\"https:\/\/ehpad-raymondpoulin.com\/?page_id=166\",\"name\":\"Accueil en Unit\\u00e9 Prot\\u00e9g\\u00e9e - EHPAD Raymond Poulin\",\"isPartOf\":{\"@id\":\"http:\/\/ehpad-raymondpoulin.com\/#website\"},\"datePublished\":\"2021-11-08T10:06:05+00:00\",\"dateModified\":\"2022-01-05T12:39:44+00:00\",\"breadcrumb\":{\"@id\":\"https:\/\/ehpad-raymondpoulin.com\/?page_id=166#breadcrumb\"},\"inLanguage\":\"fr-FR\",\"potentialAction\":[{\"@type\":\"ReadAction\",\"target\":[\"https:\/\/ehpad-raymondpoulin.com\/?page_id=166\"]}]},{\"@type\":\"BreadcrumbList\",\"@id\":\"https:\/\/ehpad-raymondpoulin.com\/?page_id=166#breadcrumb\",\"itemListElement\":[{\"@type\":\"ListItem\",\"position\":1,\"name\":\"Accueil\",\"item\":\"http:\/\/ehpad-raymondpoulin.com\/\"},{\"@type\":\"ListItem\",\"position\":2,\"name\":\"Accueil en Unit\\u00e9 Prot\\u00e9g\\u00e9e\"}]}]}<\/script>\n<!-- \/ Yoast SEO plugin. -->","yoast_head_json":{"title":"Accueil en Unit\u00e9 Prot\u00e9g\u00e9e - EHPAD Raymond Poulin","robots":{"index":"index","follow":"follow","max-snippet":"max-snippet:-1","max-image-preview":"max-image-preview:large","max-video-preview":"max-video-preview:-1"},"canonical":"https:\/\/ehpad-raymondpoulin.com\/?page_id=166","og_locale":"fr_FR","og_type":"article","og_title":"Accueil en Unit\u00e9 Prot\u00e9g\u00e9e - EHPAD Raymond Poulin","og_description":"&#8220;Les Floralies&#8221; \u00abLes Floralies\u00bb est une UVP(Unit\u00e9 de Vie Prot\u00e9g\u00e9e), structure d\u2019accueil au rez de chauss\u00e9e de l\u2019Ehpad permettant d\u2019accompagner de mani\u00e8re optimale des r\u00e9sidents ayant la maladie d\u2019Alzheimer ou pr\u00e9sentant des sympt\u00f4mes de d\u00e9mence proches de celle-ci. L\u2019unit\u00e9 comporte 26 chambres, un vaste salon, une salle de restaurant, un espace sensoriel et un jardin [&hellip;]","og_url":"https:\/\/ehpad-raymondpoulin.com\/?page_id=166","og_site_name":"EHPAD Raymond Poulin","article_modified_time":"2022-01-05T12:39:44+00:00","twitter_card":"summary_large_image","twitter_misc":{"Dur\u00e9e de lecture est.":"1 minute"},"schema":{"@context":"https:\/\/schema.org","@graph":[{"@type":"WebSite","@id":"http:\/\/ehpad-raymondpoulin.com\/#website","url":"http:\/\/ehpad-raymondpoulin.com\/","name":"EHPAD Raymond Poulin","description":"EHPAD RAYMOND POULIN","potentialAction":[{"@type":"SearchAction","target":{"@type":"EntryPoint","urlTemplate":"http:\/\/ehpad-raymondpoulin.com\/?s={search_term_string}"},"query-input":"required name=search_term_string"}],"inLanguage":"fr-FR"},{"@type":"WebPage","@id":"https:\/\/ehpad-raymondpoulin.com\/?page_id=166#webpage","url":"https:\/\/ehpad-raymondpoulin.com\/?page_id=166","name":"Accueil en Unit\u00e9 Prot\u00e9g\u00e9e - EHPAD Raymond Poulin","isPartOf":{"@id":"http:\/\/ehpad-raymondpoulin.com\/#website"},"datePublished":"2021-11-08T10:06:05+00:00","dateModified":"2022-01-05T12:39:44+00:00","breadcrumb":{"@id":"https:\/\/ehpad-raymondpoulin.com\/?page_id=166#breadcrumb"},"inLanguage":"fr-FR","potentialAction":[{"@type":"ReadAction","target":["https:\/\/ehpad-raymondpoulin.com\/?page_id=166"]}]},{"@type":"BreadcrumbList","@id":"https:\/\/ehpad-raymondpoulin.com\/?page_id=166#breadcrumb","itemListElement":[{"@type":"ListItem","position":1,"name":"Accueil","item":"http:\/\/ehpad-raymondpoulin.com\/"},{"@type":"ListItem","position":2,"name":"Accueil en Unit\u00e9 Prot\u00e9g\u00e9e"}]}]}},"_links":{"self":[{"href":"https:\/\/ehpad-raymondpoulin.com\/index.php?rest_route=\/wp\/v2\/pages\/166"}],"collection":[{"href":"https:\/\/ehpad-raymondpoulin.com\/index.php?rest_route=\/wp\/v2\/pages"}],"about":[{"href":"https:\/\/ehpad-raymondpoulin.com\/index.php?rest_route=\/wp\/v2\/types\/page"}],"author":[{"embeddable":true,"href":"https:\/\/ehpad-raymondpoulin.com\/index.php?rest_route=\/wp\/v2\/users\/1"}],"replies":[{"embeddable":true,"href":"https:\/\/ehpad-raymondpoulin.com\/index.php?rest_route=%2Fwp%2Fv2%2Fcomments&post=166"}],"version-history":[{"count":20,"href":"https:\/\/ehpad-raymondpoulin.com\/index.php?rest_route=\/wp\/v2\/pages\/166\/revisions"}],"predecessor-version":[{"id":2799,"href":"https:\/\/ehpad-raymondpoulin.com\/index.php?rest_route=\/wp\/v2\/pages\/166\/revisions\/2799"}],"wp:attachment":[{"href":"https:\/\/ehpad-raymondpoulin.com\/index.php?rest_route=%2Fwp%2Fv2%2Fmedia&parent=166"}],"curies":[{"name":"wp","href":"https:\/\/api.w.org\/{rel}","templated":true}]}}