{"id":172,"date":"2021-11-08T11:09:24","date_gmt":"2021-11-08T10:09:24","guid":{"rendered":"http:\/\/ehpad-raymondpoulin.com\/?page_id=172"},"modified":"2022-01-05T13:45:48","modified_gmt":"2022-01-05T12:45:48","slug":"les-activites","status":"publish","type":"page","link":"https:\/\/ehpad-raymondpoulin.com\/?page_id=172","title":{"rendered":"Les activit\u00e9s"},"content":{"rendered":"<div data-colibri-id=\"172-c1\" class=\"style-248 style-local-172-c1 position-relative\">\n  <!---->\n  <div data-colibri-component=\"section\" data-colibri-id=\"172-c2\" id=\"about\" class=\"h-section h-section-global-spacing d-flex align-items-lg-center align-items-md-center align-items-center style-249 style-local-172-c2 position-relative\">\n    <!---->\n    <!---->\n    <div class=\"h-section-grid-container h-section-boxed-container\">\n      <!---->\n      <div data-colibri-id=\"172-c3\" class=\"h-row-container gutters-row-lg-2 gutters-row-md-2 gutters-row-0 gutters-row-v-lg-2 gutters-row-v-md-2 gutters-row-v-2 style-250 style-local-172-c3 position-relative\">\n        <!---->\n        <div class=\"h-row justify-content-lg-center justify-content-md-center justify-content-center align-items-lg-stretch align-items-md-stretch align-items-stretch gutters-col-lg-2 gutters-col-md-2 gutters-col-0 gutters-col-v-lg-2 gutters-col-v-md-2 gutters-col-v-2\">\n          <!---->\n          <div class=\"h-column h-column-container d-flex h-col-lg-auto h-col-md-auto h-col-auto style-251-outer style-local-172-c4-outer\">\n            <div data-colibri-id=\"172-c4\" class=\"d-flex h-flex-basis h-column__inner h-px-lg-0 h-px-md-0 h-px-0 v-inner-lg-0 v-inner-md-0 v-inner-0 style-251 style-local-172-c4 position-relative\">\n              <!---->\n              <!---->\n              <div class=\"w-100 h-y-container h-column__content h-column__v-align flex-basis-100 align-self-lg-start align-self-md-start align-self-start\">\n                <!---->\n                <div data-colibri-id=\"172-c5\" class=\"h-global-transition-all h-heading style-253 style-local-172-c5 position-relative h-element\">\n                  <!---->\n                  <div class=\"h-heading__outer style-253 style-local-172-c5\">\n                    <!---->\n                    <!---->\n                    <h2 class=\"\">&#8220;Les activit\u00e9s&#8221;<\/h2>\n                  <\/div>\n                <\/div>\n                <div data-colibri-id=\"172-c6\" class=\"h-text h-text-component style-735 style-local-172-c6 position-relative h-element\">\n                  <!---->\n                  <!---->\n                  <div class=\"\">\n                    <p><span style=\"font-size: 105%; color: rgb(0, 0, 0); font-family: Antic;\">Les activit\u00e9s au sein de l\u2019\u00e9tablissement sont adapt\u00e9es au plus grand nombre des r\u00e9sidents. Elles r\u00e9pondent \u00e0 leurs demandes, leurs habitudes de vie et en visent \u00e0 maintenir leur autonomie.<\/span><\/p>\n                    <p><em style=\"color: rgb(0, 0, 0); font-size: 105%; font-family: Antic;\">Par exemple, de la sophrologie, des ateliers cr\u00e9atifs, des veill\u00e9es d\u00e9bat, des ateliers canins, un caf\u00e9 litt\u00e9raire, des visites au mus\u00e9e\u2026<\/em><\/p>\n                    <p><span style=\"font-size: 105%; color: rgb(0, 0, 0); font-family: Antic;\">Un programme est distribu\u00e9 tous les vendredis pour annoncer les activit\u00e9s de la semaine \u00e0 venir.<\/span><\/p>\n                    <p><span style=\"color: rgb(0, 0, 0); font-size: 105%; font-family: Antic;\">L\u2019ESSENTIEL <\/span><\/p>\n                    <ul>\n                      <li><span style=\"color: rgb(0, 0, 0); font-size: 105%; font-family: Antic;\">Soutenir les r\u00e9sidents dans leurs choix.<\/span><\/li>\n                      <li><span style=\"color: rgb(0, 0, 0); font-size: 105%; font-family: Antic;\">Permettre aux r\u00e9sidents de s&#8217;exp\u00e9rimenter, de se r\u00e9aliser et de se rendre utiles.<\/span><span style=\"color: rgb(0, 0, 0); font-size: 118%; font-family: &quot;Antic Didone&quot;;\"><br><\/span><\/li>\n                    <\/ul>\n                    <p>\n                      <br>\n                    <\/p>\n                  <\/div>\n                <\/div>\n              <\/div>\n            <\/div>\n          <\/div>\n          <div data-aos=\"slideInRight\" class=\"h-column h-column-container d-flex h-col-lg-auto h-col-md-auto h-col-auto style-255-outer style-local-172-c7-outer\">\n            <div data-colibri-id=\"172-c7\" class=\"d-flex h-flex-basis h-column__inner h-ui-empty-state-container h-px-lg-2 h-px-md-2 h-px-2 v-inner-lg-2 v-inner-md-2 v-inner-2 style-255 style-local-172-c7 position-relative\">\n              <!---->\n              <!---->\n              <div class=\"w-100 h-y-container h-column__content h-column__v-align flex-basis-100\">\n                <!---->\n              <\/div>\n            <\/div>\n          <\/div>\n        <\/div>\n      <\/div>\n    <\/div>\n  <\/div>\n<\/div>","protected":false},"excerpt":{"rendered":"<p>&#8220;Les activit\u00e9s&#8221; Les activit\u00e9s au sein de l\u2019\u00e9tablissement sont adapt\u00e9es au plus grand nombre des r\u00e9sidents. Elles r\u00e9pondent \u00e0 leurs demandes, leurs habitudes de vie et en visent \u00e0 maintenir leur autonomie. Par exemple, de la sophrologie, des ateliers cr\u00e9atifs, des veill\u00e9es d\u00e9bat, des ateliers canins, un caf\u00e9 litt\u00e9raire, des visites au mus\u00e9e\u2026 Un programme [&hellip;]<\/p>\n","protected":false},"author":1,"featured_media":0,"parent":0,"menu_order":0,"comment_status":"closed","ping_status":"closed","template":"page-templates\/full-width-page.php","meta":[],"yoast_head":"<!-- This site is optimized with the Yoast SEO plugin v17.5 - https:\/\/yoast.com\/wordpress\/plugins\/seo\/ -->\n<title>Les activit\u00e9s - EHPAD Raymond Poulin<\/title>\n<meta name=\"robots\" content=\"index, follow, max-snippet:-1, max-image-preview:large, max-video-preview:-1\" \/>\n<link rel=\"canonical\" href=\"http:\/\/ehpad-raymondpoulin.com\/?page_id=172\" \/>\n<meta property=\"og:locale\" content=\"fr_FR\" \/>\n<meta property=\"og:type\" content=\"article\" \/>\n<meta property=\"og:title\" content=\"Les activit\u00e9s - EHPAD Raymond Poulin\" \/>\n<meta property=\"og:description\" content=\"&#8220;Les activit\u00e9s&#8221; Les activit\u00e9s au sein de l\u2019\u00e9tablissement sont adapt\u00e9es au plus grand nombre des r\u00e9sidents. Elles r\u00e9pondent \u00e0 leurs demandes, leurs habitudes de vie et en visent \u00e0 maintenir leur autonomie. Par exemple, de la sophrologie, des ateliers cr\u00e9atifs, des veill\u00e9es d\u00e9bat, des ateliers canins, un caf\u00e9 litt\u00e9raire, des visites au mus\u00e9e\u2026 Un programme [&hellip;]\" \/>\n<meta property=\"og:url\" content=\"http:\/\/ehpad-raymondpoulin.com\/?page_id=172\" \/>\n<meta property=\"og:site_name\" content=\"EHPAD Raymond Poulin\" \/>\n<meta property=\"article:modified_time\" content=\"2022-01-05T12:45:48+00:00\" \/>\n<meta name=\"twitter:card\" content=\"summary_large_image\" \/>\n<meta name=\"twitter:label1\" content=\"Dur\u00e9e de lecture est.\" \/>\n\t<meta name=\"twitter:data1\" content=\"1 minute\" \/>\n<script type=\"application\/ld+json\" class=\"yoast-schema-graph\">{\"@context\":\"https:\/\/schema.org\",\"@graph\":[{\"@type\":\"WebSite\",\"@id\":\"http:\/\/ehpad-raymondpoulin.com\/#website\",\"url\":\"http:\/\/ehpad-raymondpoulin.com\/\",\"name\":\"EHPAD Raymond Poulin\",\"description\":\"EHPAD RAYMOND POULIN\",\"potentialAction\":[{\"@type\":\"SearchAction\",\"target\":{\"@type\":\"EntryPoint\",\"urlTemplate\":\"http:\/\/ehpad-raymondpoulin.com\/?s={search_term_string}\"},\"query-input\":\"required name=search_term_string\"}],\"inLanguage\":\"fr-FR\"},{\"@type\":\"WebPage\",\"@id\":\"http:\/\/ehpad-raymondpoulin.com\/?page_id=172#webpage\",\"url\":\"http:\/\/ehpad-raymondpoulin.com\/?page_id=172\",\"name\":\"Les activit\\u00e9s - EHPAD Raymond Poulin\",\"isPartOf\":{\"@id\":\"http:\/\/ehpad-raymondpoulin.com\/#website\"},\"datePublished\":\"2021-11-08T10:09:24+00:00\",\"dateModified\":\"2022-01-05T12:45:48+00:00\",\"breadcrumb\":{\"@id\":\"http:\/\/ehpad-raymondpoulin.com\/?page_id=172#breadcrumb\"},\"inLanguage\":\"fr-FR\",\"potentialAction\":[{\"@type\":\"ReadAction\",\"target\":[\"http:\/\/ehpad-raymondpoulin.com\/?page_id=172\"]}]},{\"@type\":\"BreadcrumbList\",\"@id\":\"http:\/\/ehpad-raymondpoulin.com\/?page_id=172#breadcrumb\",\"itemListElement\":[{\"@type\":\"ListItem\",\"position\":1,\"name\":\"Accueil\",\"item\":\"http:\/\/ehpad-raymondpoulin.com\/\"},{\"@type\":\"ListItem\",\"position\":2,\"name\":\"Les activit\\u00e9s\"}]}]}<\/script>\n<!-- \/ Yoast SEO plugin. -->","yoast_head_json":{"title":"Les activit\u00e9s - EHPAD Raymond Poulin","robots":{"index":"index","follow":"follow","max-snippet":"max-snippet:-1","max-image-preview":"max-image-preview:large","max-video-preview":"max-video-preview:-1"},"canonical":"http:\/\/ehpad-raymondpoulin.com\/?page_id=172","og_locale":"fr_FR","og_type":"article","og_title":"Les activit\u00e9s - EHPAD Raymond Poulin","og_description":"&#8220;Les activit\u00e9s&#8221; Les activit\u00e9s au sein de l\u2019\u00e9tablissement sont adapt\u00e9es au plus grand nombre des r\u00e9sidents. Elles r\u00e9pondent \u00e0 leurs demandes, leurs habitudes de vie et en visent \u00e0 maintenir leur autonomie. Par exemple, de la sophrologie, des ateliers cr\u00e9atifs, des veill\u00e9es d\u00e9bat, des ateliers canins, un caf\u00e9 litt\u00e9raire, des visites au mus\u00e9e\u2026 Un programme [&hellip;]","og_url":"http:\/\/ehpad-raymondpoulin.com\/?page_id=172","og_site_name":"EHPAD Raymond Poulin","article_modified_time":"2022-01-05T12:45:48+00:00","twitter_card":"summary_large_image","twitter_misc":{"Dur\u00e9e de lecture est.":"1 minute"},"schema":{"@context":"https:\/\/schema.org","@graph":[{"@type":"WebSite","@id":"http:\/\/ehpad-raymondpoulin.com\/#website","url":"http:\/\/ehpad-raymondpoulin.com\/","name":"EHPAD Raymond Poulin","description":"EHPAD RAYMOND POULIN","potentialAction":[{"@type":"SearchAction","target":{"@type":"EntryPoint","urlTemplate":"http:\/\/ehpad-raymondpoulin.com\/?s={search_term_string}"},"query-input":"required name=search_term_string"}],"inLanguage":"fr-FR"},{"@type":"WebPage","@id":"http:\/\/ehpad-raymondpoulin.com\/?page_id=172#webpage","url":"http:\/\/ehpad-raymondpoulin.com\/?page_id=172","name":"Les activit\u00e9s - EHPAD Raymond Poulin","isPartOf":{"@id":"http:\/\/ehpad-raymondpoulin.com\/#website"},"datePublished":"2021-11-08T10:09:24+00:00","dateModified":"2022-01-05T12:45:48+00:00","breadcrumb":{"@id":"http:\/\/ehpad-raymondpoulin.com\/?page_id=172#breadcrumb"},"inLanguage":"fr-FR","potentialAction":[{"@type":"ReadAction","target":["http:\/\/ehpad-raymondpoulin.com\/?page_id=172"]}]},{"@type":"BreadcrumbList","@id":"http:\/\/ehpad-raymondpoulin.com\/?page_id=172#breadcrumb","itemListElement":[{"@type":"ListItem","position":1,"name":"Accueil","item":"http:\/\/ehpad-raymondpoulin.com\/"},{"@type":"ListItem","position":2,"name":"Les activit\u00e9s"}]}]}},"_links":{"self":[{"href":"https:\/\/ehpad-raymondpoulin.com\/index.php?rest_route=\/wp\/v2\/pages\/172"}],"collection":[{"href":"https:\/\/ehpad-raymondpoulin.com\/index.php?rest_route=\/wp\/v2\/pages"}],"about":[{"href":"https:\/\/ehpad-raymondpoulin.com\/index.php?rest_route=\/wp\/v2\/types\/page"}],"author":[{"embeddable":true,"href":"https:\/\/ehpad-raymondpoulin.com\/index.php?rest_route=\/wp\/v2\/users\/1"}],"replies":[{"embeddable":true,"href":"https:\/\/ehpad-raymondpoulin.com\/index.php?rest_route=%2Fwp%2Fv2%2Fcomments&post=172"}],"version-history":[{"count":16,"href":"https:\/\/ehpad-raymondpoulin.com\/index.php?rest_route=\/wp\/v2\/pages\/172\/revisions"}],"predecessor-version":[{"id":2841,"href":"https:\/\/ehpad-raymondpoulin.com\/index.php?rest_route=\/wp\/v2\/pages\/172\/revisions\/2841"}],"wp:attachment":[{"href":"https:\/\/ehpad-raymondpoulin.com\/index.php?rest_route=%2Fwp%2Fv2%2Fmedia&parent=172"}],"curies":[{"name":"wp","href":"https:\/\/api.w.org\/{rel}","templated":true}]}}