{"id":176,"date":"2021-11-08T11:10:20","date_gmt":"2021-11-08T10:10:20","guid":{"rendered":"http:\/\/ehpad-raymondpoulin.com\/?page_id=176"},"modified":"2021-11-22T10:14:20","modified_gmt":"2021-11-22T09:14:20","slug":"la-restauration","status":"publish","type":"page","link":"https:\/\/ehpad-raymondpoulin.com\/?page_id=176","title":{"rendered":"La restauration"},"content":{"rendered":"<div data-colibri-id=\"176-c1\" class=\"style-224 style-local-176-c1 position-relative\">\n  <!---->\n  <div data-colibri-component=\"section\" data-colibri-id=\"176-c2\" id=\"about\" class=\"h-section h-section-global-spacing d-flex align-items-lg-center align-items-md-center align-items-center style-225 style-local-176-c2 position-relative\">\n    <!---->\n    <!---->\n    <div class=\"h-section-grid-container h-section-boxed-container\">\n      <!---->\n      <div data-colibri-id=\"176-c3\" class=\"h-row-container gutters-row-lg-0 gutters-row-md-0 gutters-row-0 gutters-row-v-lg-0 gutters-row-v-md-0 gutters-row-v-0 style-226 style-local-176-c3 position-relative\">\n        <!---->\n        <div class=\"h-row justify-content-lg-center justify-content-md-center justify-content-center align-items-lg-stretch align-items-md-stretch align-items-stretch gutters-col-lg-0 gutters-col-md-0 gutters-col-0 gutters-col-v-lg-0 gutters-col-v-md-0 gutters-col-v-0\">\n          <!---->\n          <div class=\"h-column h-column-container d-flex h-col-lg-auto h-col-md-auto h-col-auto style-227-outer style-local-176-c4-outer\">\n            <div data-colibri-id=\"176-c4\" class=\"d-flex h-flex-basis h-column__inner h-px-lg-0 h-px-md-0 h-px-0 v-inner-lg-0 v-inner-md-0 v-inner-0 style-227 style-local-176-c4 position-relative\">\n              <!---->\n              <!---->\n              <div class=\"w-100 h-y-container h-column__content h-column__v-align flex-basis-100 align-self-lg-start align-self-md-start align-self-start\">\n                <!---->\n                <div data-colibri-id=\"176-c5\" class=\"h-global-transition-all h-heading style-229 style-local-176-c5 position-relative h-element\">\n                  <!---->\n                  <div class=\"h-heading__outer style-229 style-local-176-c5\">\n                    <!---->\n                    <!---->\n                    <h2 class=\"\">&#8220;La restauration&#8221;<\/h2>\n                  <\/div>\n                <\/div>\n                <div data-colibri-id=\"176-c6\" class=\"h-text h-text-component style-230 style-local-176-c6 position-relative h-element\">\n                  <!---->\n                  <!---->\n                  <div class=\"\">\n                    <p><span style=\"font-family: Antic; font-size: 105%;\">La pr\u00e9paration de tous nos repas est enti\u00e8rement r\u00e9alis\u00e9e dans nos cuisines par notre prestataire Restauval.<\/span><\/p>\n                    <p><span style=\"font-family: Antic; font-size: 105%;\">Les cuisiniers s\u2019adaptent aux diff\u00e9rents r\u00e9gimes et textures prescrits.<\/span><\/p>\n                    <p><span style=\"font-family: Antic; font-size: 105%;\">Toutes les semaines, vous recevrez une feuille de menus dans votre bo\u00eete aux lettres.<\/span><\/p>\n                    <p><span style=\"font-family: Antic; font-size: 105%;\">Vous pouvez rayer sur le menu le plat que vous n\u2019aimez pas et remettre votre feuille \u00ab menu \u00bb dans la salle \u00e0 manger \u00e0 un membre du personnel.<\/span><\/p>\n                    <p><span style=\"font-family: Antic; font-size: 105%;\">Le repas du midi et du soir sont consomm\u00e9s en salle \u00e0 manger. Bien s\u00fbr, le personnel vous accompagnera en cas de perte d\u2019autonomie.<\/span><\/p>\n                    <p><span style=\"font-family: Antic; font-size: 105%;\">Le repas du midi est servi \u00e0 12h et le d\u00eener \u00e0 18h45.<\/span><\/p>\n                    <p><span style=\"font-family: Antic; font-size: 105%;\">Le petit d\u00e9jeuner est servi \u00e0 l\u2019office de chaque \u00e9tage. Il peut \u00eatre servi dans les chambres si vous le d\u00e9sirez, \u00e0 titre exceptionnel. Le go\u00fbter est servi en chambre et sur les lieux d\u2019activit\u00e9s et d\u2019animation.<\/span><\/p>\n                    <p><span style=\"font-family: Antic; font-size: 105%;\">Une Commission Menu a lieu tous les mois en pr\u00e9sence du Chef Cuisinier. Tous les r\u00e9sidents qui le souhaitent peuvent y participer pour exprimer leurs souhaits.<\/span><\/p>\n                  <\/div>\n                <\/div>\n              <\/div>\n            <\/div>\n          <\/div>\n          <div data-aos=\"slideInRight\" class=\"h-column h-column-container d-flex h-col-lg-auto h-col-md-auto h-col-auto style-231-outer style-local-176-c7-outer\">\n            <div data-colibri-id=\"176-c7\" class=\"d-flex h-flex-basis h-column__inner h-ui-empty-state-container h-px-lg-2 h-px-md-2 h-px-2 v-inner-lg-2 v-inner-md-2 v-inner-2 style-231 style-local-176-c7 position-relative\">\n              <!---->\n              <!---->\n              <div class=\"w-100 h-y-container h-column__content h-column__v-align flex-basis-100\">\n                <!---->\n              <\/div>\n            <\/div>\n          <\/div>\n        <\/div>\n      <\/div>\n    <\/div>\n  <\/div>\n<\/div>","protected":false},"excerpt":{"rendered":"<p>&#8220;La restauration&#8221; La pr\u00e9paration de tous nos repas est enti\u00e8rement r\u00e9alis\u00e9e dans nos cuisines par notre prestataire Restauval. Les cuisiniers s\u2019adaptent aux diff\u00e9rents r\u00e9gimes et textures prescrits. Toutes les semaines, vous recevrez une feuille de menus dans votre bo\u00eete aux lettres. Vous pouvez rayer sur le menu le plat que vous n\u2019aimez pas et remettre [&hellip;]<\/p>\n","protected":false},"author":1,"featured_media":0,"parent":0,"menu_order":0,"comment_status":"closed","ping_status":"closed","template":"page-templates\/full-width-page.php","meta":[],"yoast_head":"<!-- This site is optimized with the Yoast SEO plugin v17.5 - https:\/\/yoast.com\/wordpress\/plugins\/seo\/ -->\n<title>La restauration - EHPAD Raymond Poulin<\/title>\n<meta name=\"robots\" content=\"index, follow, max-snippet:-1, max-image-preview:large, max-video-preview:-1\" \/>\n<link rel=\"canonical\" href=\"https:\/\/ehpad-raymondpoulin.com\/?page_id=176\" \/>\n<meta property=\"og:locale\" content=\"fr_FR\" \/>\n<meta property=\"og:type\" content=\"article\" \/>\n<meta property=\"og:title\" content=\"La restauration - EHPAD Raymond Poulin\" \/>\n<meta property=\"og:description\" content=\"&#8220;La restauration&#8221; La pr\u00e9paration de tous nos repas est enti\u00e8rement r\u00e9alis\u00e9e dans nos cuisines par notre prestataire Restauval. Les cuisiniers s\u2019adaptent aux diff\u00e9rents r\u00e9gimes et textures prescrits. Toutes les semaines, vous recevrez une feuille de menus dans votre bo\u00eete aux lettres. Vous pouvez rayer sur le menu le plat que vous n\u2019aimez pas et remettre [&hellip;]\" \/>\n<meta property=\"og:url\" content=\"https:\/\/ehpad-raymondpoulin.com\/?page_id=176\" \/>\n<meta property=\"og:site_name\" content=\"EHPAD Raymond Poulin\" \/>\n<meta property=\"article:modified_time\" content=\"2021-11-22T09:14:20+00:00\" \/>\n<meta name=\"twitter:card\" content=\"summary_large_image\" \/>\n<meta name=\"twitter:label1\" content=\"Dur\u00e9e de lecture est.\" \/>\n\t<meta name=\"twitter:data1\" content=\"1 minute\" \/>\n<script type=\"application\/ld+json\" class=\"yoast-schema-graph\">{\"@context\":\"https:\/\/schema.org\",\"@graph\":[{\"@type\":\"WebSite\",\"@id\":\"http:\/\/ehpad-raymondpoulin.com\/#website\",\"url\":\"http:\/\/ehpad-raymondpoulin.com\/\",\"name\":\"EHPAD Raymond Poulin\",\"description\":\"EHPAD RAYMOND POULIN\",\"potentialAction\":[{\"@type\":\"SearchAction\",\"target\":{\"@type\":\"EntryPoint\",\"urlTemplate\":\"http:\/\/ehpad-raymondpoulin.com\/?s={search_term_string}\"},\"query-input\":\"required name=search_term_string\"}],\"inLanguage\":\"fr-FR\"},{\"@type\":\"WebPage\",\"@id\":\"https:\/\/ehpad-raymondpoulin.com\/?page_id=176#webpage\",\"url\":\"https:\/\/ehpad-raymondpoulin.com\/?page_id=176\",\"name\":\"La restauration - EHPAD Raymond Poulin\",\"isPartOf\":{\"@id\":\"http:\/\/ehpad-raymondpoulin.com\/#website\"},\"datePublished\":\"2021-11-08T10:10:20+00:00\",\"dateModified\":\"2021-11-22T09:14:20+00:00\",\"breadcrumb\":{\"@id\":\"https:\/\/ehpad-raymondpoulin.com\/?page_id=176#breadcrumb\"},\"inLanguage\":\"fr-FR\",\"potentialAction\":[{\"@type\":\"ReadAction\",\"target\":[\"https:\/\/ehpad-raymondpoulin.com\/?page_id=176\"]}]},{\"@type\":\"BreadcrumbList\",\"@id\":\"https:\/\/ehpad-raymondpoulin.com\/?page_id=176#breadcrumb\",\"itemListElement\":[{\"@type\":\"ListItem\",\"position\":1,\"name\":\"Accueil\",\"item\":\"http:\/\/ehpad-raymondpoulin.com\/\"},{\"@type\":\"ListItem\",\"position\":2,\"name\":\"La restauration\"}]}]}<\/script>\n<!-- \/ Yoast SEO plugin. -->","yoast_head_json":{"title":"La restauration - EHPAD Raymond Poulin","robots":{"index":"index","follow":"follow","max-snippet":"max-snippet:-1","max-image-preview":"max-image-preview:large","max-video-preview":"max-video-preview:-1"},"canonical":"https:\/\/ehpad-raymondpoulin.com\/?page_id=176","og_locale":"fr_FR","og_type":"article","og_title":"La restauration - EHPAD Raymond Poulin","og_description":"&#8220;La restauration&#8221; La pr\u00e9paration de tous nos repas est enti\u00e8rement r\u00e9alis\u00e9e dans nos cuisines par notre prestataire Restauval. Les cuisiniers s\u2019adaptent aux diff\u00e9rents r\u00e9gimes et textures prescrits. Toutes les semaines, vous recevrez une feuille de menus dans votre bo\u00eete aux lettres. Vous pouvez rayer sur le menu le plat que vous n\u2019aimez pas et remettre [&hellip;]","og_url":"https:\/\/ehpad-raymondpoulin.com\/?page_id=176","og_site_name":"EHPAD Raymond Poulin","article_modified_time":"2021-11-22T09:14:20+00:00","twitter_card":"summary_large_image","twitter_misc":{"Dur\u00e9e de lecture est.":"1 minute"},"schema":{"@context":"https:\/\/schema.org","@graph":[{"@type":"WebSite","@id":"http:\/\/ehpad-raymondpoulin.com\/#website","url":"http:\/\/ehpad-raymondpoulin.com\/","name":"EHPAD Raymond Poulin","description":"EHPAD RAYMOND POULIN","potentialAction":[{"@type":"SearchAction","target":{"@type":"EntryPoint","urlTemplate":"http:\/\/ehpad-raymondpoulin.com\/?s={search_term_string}"},"query-input":"required name=search_term_string"}],"inLanguage":"fr-FR"},{"@type":"WebPage","@id":"https:\/\/ehpad-raymondpoulin.com\/?page_id=176#webpage","url":"https:\/\/ehpad-raymondpoulin.com\/?page_id=176","name":"La restauration - EHPAD Raymond Poulin","isPartOf":{"@id":"http:\/\/ehpad-raymondpoulin.com\/#website"},"datePublished":"2021-11-08T10:10:20+00:00","dateModified":"2021-11-22T09:14:20+00:00","breadcrumb":{"@id":"https:\/\/ehpad-raymondpoulin.com\/?page_id=176#breadcrumb"},"inLanguage":"fr-FR","potentialAction":[{"@type":"ReadAction","target":["https:\/\/ehpad-raymondpoulin.com\/?page_id=176"]}]},{"@type":"BreadcrumbList","@id":"https:\/\/ehpad-raymondpoulin.com\/?page_id=176#breadcrumb","itemListElement":[{"@type":"ListItem","position":1,"name":"Accueil","item":"http:\/\/ehpad-raymondpoulin.com\/"},{"@type":"ListItem","position":2,"name":"La restauration"}]}]}},"_links":{"self":[{"href":"https:\/\/ehpad-raymondpoulin.com\/index.php?rest_route=\/wp\/v2\/pages\/176"}],"collection":[{"href":"https:\/\/ehpad-raymondpoulin.com\/index.php?rest_route=\/wp\/v2\/pages"}],"about":[{"href":"https:\/\/ehpad-raymondpoulin.com\/index.php?rest_route=\/wp\/v2\/types\/page"}],"author":[{"embeddable":true,"href":"https:\/\/ehpad-raymondpoulin.com\/index.php?rest_route=\/wp\/v2\/users\/1"}],"replies":[{"embeddable":true,"href":"https:\/\/ehpad-raymondpoulin.com\/index.php?rest_route=%2Fwp%2Fv2%2Fcomments&post=176"}],"version-history":[{"count":14,"href":"https:\/\/ehpad-raymondpoulin.com\/index.php?rest_route=\/wp\/v2\/pages\/176\/revisions"}],"predecessor-version":[{"id":2625,"href":"https:\/\/ehpad-raymondpoulin.com\/index.php?rest_route=\/wp\/v2\/pages\/176\/revisions\/2625"}],"wp:attachment":[{"href":"https:\/\/ehpad-raymondpoulin.com\/index.php?rest_route=%2Fwp%2Fv2%2Fmedia&parent=176"}],"curies":[{"name":"wp","href":"https:\/\/api.w.org\/{rel}","templated":true}]}}