{"id":178,"date":"2021-11-08T11:10:32","date_gmt":"2021-11-08T10:10:32","guid":{"rendered":"http:\/\/ehpad-raymondpoulin.com\/?page_id=178"},"modified":"2022-01-05T13:44:40","modified_gmt":"2022-01-05T12:44:40","slug":"les-soins","status":"publish","type":"page","link":"https:\/\/ehpad-raymondpoulin.com\/?page_id=178","title":{"rendered":"Les soins"},"content":{"rendered":"<div data-colibri-id=\"178-c1\" class=\"style-240 style-local-178-c1 position-relative\">\n  <!---->\n  <div data-colibri-component=\"section\" data-colibri-id=\"178-c2\" id=\"about\" class=\"h-section h-section-global-spacing d-flex align-items-lg-center align-items-md-center align-items-center style-241 style-local-178-c2 position-relative\">\n    <!---->\n    <!---->\n    <div class=\"h-section-grid-container h-section-boxed-container\">\n      <!---->\n      <div data-colibri-id=\"178-c3\" class=\"h-row-container gutters-row-lg-2 gutters-row-md-2 gutters-row-0 gutters-row-v-lg-2 gutters-row-v-md-2 gutters-row-v-2 style-242 style-local-178-c3 position-relative\">\n        <!---->\n        <div class=\"h-row justify-content-lg-center justify-content-md-center justify-content-center align-items-lg-stretch align-items-md-stretch align-items-stretch gutters-col-lg-2 gutters-col-md-2 gutters-col-0 gutters-col-v-lg-2 gutters-col-v-md-2 gutters-col-v-2\">\n          <!---->\n          <div class=\"h-column h-column-container d-flex h-col-lg-auto h-col-md-auto h-col-auto style-243-outer style-local-178-c4-outer\">\n            <div data-colibri-id=\"178-c4\" class=\"d-flex h-flex-basis h-column__inner h-px-lg-0 h-px-md-0 h-px-0 v-inner-lg-0 v-inner-md-0 v-inner-0 style-243 style-local-178-c4 position-relative\">\n              <!---->\n              <!---->\n              <div class=\"w-100 h-y-container h-column__content h-column__v-align flex-basis-100 align-self-lg-start align-self-md-start align-self-start\">\n                <!---->\n                <div data-colibri-id=\"178-c5\" class=\"h-global-transition-all h-heading style-245 style-local-178-c5 position-relative h-element\">\n                  <!---->\n                  <div class=\"h-heading__outer style-245 style-local-178-c5\">\n                    <!---->\n                    <!---->\n                    <h2 class=\"\">&#8220;Les soins&#8221;<\/h2>\n                  <\/div>\n                <\/div>\n                <div data-colibri-id=\"178-c6\" class=\"h-text h-text-component style-246 style-local-178-c6 position-relative h-element\">\n                  <!---->\n                  <!---->\n                  <div class=\"\">\n                    <p><span style=\"font-family: Antic; font-size: 105%;\">Notre service de soins prend en charge la surveillance m\u00e9dicale de jour et de nuit.<\/span><\/p>\n                    <p><span style=\"font-family: Antic; font-size: 105%;\">Sous le contr\u00f4le d\u2019un m\u00e9decin coordonnateur et d\u2019une cadre de sant\u00e9, les infirmiers et aides-soignants organisent le planning de soins pour vous aider dans votre vie quotidienne.<\/span><\/p>\n                    <p><span style=\"font-family: Antic; font-size: 105%;\">Les soins infirmiers (pansements, distribution des m\u00e9dicaments\u2026) sont effectu\u00e9s par les infirmi\u00e8res de l\u2019\u00e9tablissement.<\/span><\/p>\n                    <p><span style=\"font-family: Antic; font-size: 105%;\">Trois soignantes sont pr\u00e9sentes toutes les nuits pour vous aider et vous rassurer.<\/span><\/p>\n                    <p><span style=\"font-family: Antic; font-size: 105%;\">L\u2019\u00e9quipe soins est compos\u00e9e d\u2019infirmi\u00e8res, d\u2019aides-soignants, d\u2019accompagnants \u00e9ducatifs et sociaux, d\u2019agents de soins, d\u2019une psychologue et d&#8217;une psychomotricienne.<\/span><\/p>\n                    <p><span style=\"font-family: Antic; font-size: 105%;\">M\u00c9DECIN TRAITANT<\/span><\/p>\n                    <p><span style=\"font-family: Antic; font-size: 105%;\">Vous pouvez garder votre m\u00e9decin traitant si celui-ci consent \u00e0 vous rendre visite pour une consultation dans l&#8217;\u00e9tablissement.<\/span><\/p>\n                    <p><span style=\"font-family: Antic; font-size: 105%;\">Si le m\u00e9decin ne se d\u00e9place pas, vous pourrez vous faire accompagner par vos proches \u00e0 son cabinet. Et si vous ne pouvez vous d\u00e9placer, vos proches et les infirmiers contacteront les m\u00e9decins intervenant dans l\u2019\u00e9tablissement pour changer de m\u00e9decin traitant.<\/span><\/p>\n                    <p><span style=\"font-family: Antic; font-size: 105%;\">PHARMACIE<\/span><\/p>\n                    <p><span style=\"font-family: Antic; font-size: 105%;\">Vos m\u00e9dicaments sont pr\u00e9par\u00e9s par une officine de Saint Jean de la Ruelle (La Pharmacie des Clos).<\/span><\/p>\n                    <p><span style=\"font-family: Antic; font-size: 105%;\">KIN\u00c9SITH\u00c9RAPIE<\/span><\/p>\n                    <p><span style=\"font-family: Antic; font-size: 105%;\">Sur prescription, plusieurs kin\u00e9sith\u00e9rapeutes travaillent dans l\u2019\u00e9tablissement du lundi au vendredi de 9h \u00e0 17h. Ils interviennent en chambre et ont \u00e0 leur disposition un vaste cabinet \u00e9quip\u00e9. Participant au maintien de l\u2019autonomie, ils sont en mesure \u00e9galement de prendre en charge la r\u00e9\u00e9ducation en sortie d\u2019hospitalisation.<\/span><\/p>\n                    <p><span style=\"font-family: Antic; font-size: 105%;\">HOSPITALISATION<\/span><\/p>\n                    <p><span style=\"font-family: Antic; font-size: 105%;\">Si votre \u00e9tat de sant\u00e9 n\u00e9cessite une hospitalisation, votre m\u00e9decin traitant vous hospitalisera \u00e0 l\u2019h\u00f4pital de rattachement, sauf avis contraire de votre part. Les frais d\u2019hospitalisation rel\u00e8vent du droit commun des assur\u00e9s sociaux. Durant votre s\u00e9jour \u00e0 l\u2019h\u00f4pital, l\u2019\u00e9tablissement s\u2019engage \u00e0 r\u00e9server votre chambre qui sera verrouill\u00e9e pendant toute la dur\u00e9e de votre absence.<\/span><\/p>\n                    <p><span style=\"font-family: Antic; font-size: 105%;\">HOSPITALISATION A DOMICILE (HAD)<\/span><\/p>\n                    <p><span style=\"font-family: Antic; font-size: 105%;\">En cas de soins tr\u00e8s importants ou une prise en charge difficile (pansements complexes, gestion de la douleur compliqu\u00e9e, accompagnement fin de vie), une hospitalisation dite \u00ab&nbsp;\u00e0 domicile \u00bb (\u00e0 l\u2019EHPAD donc) est toujours pr\u00e9f\u00e9rable. Une \u00e9quipe sp\u00e9cialis\u00e9e peut \u00eatre mandat\u00e9e apr\u00e8s avis d\u2019un m\u00e9decin sp\u00e9cialis\u00e9.<\/span><\/p>\n                  <\/div>\n                <\/div>\n              <\/div>\n            <\/div>\n          <\/div>\n        <\/div>\n      <\/div>\n    <\/div>\n  <\/div>\n<\/div>","protected":false},"excerpt":{"rendered":"<p>&#8220;Les soins&#8221; Notre service de soins prend en charge la surveillance m\u00e9dicale de jour et de nuit. Sous le contr\u00f4le d\u2019un m\u00e9decin coordonnateur et d\u2019une cadre de sant\u00e9, les infirmiers et aides-soignants organisent le planning de soins pour vous aider dans votre vie quotidienne. Les soins infirmiers (pansements, distribution des m\u00e9dicaments\u2026) sont effectu\u00e9s par les [&hellip;]<\/p>\n","protected":false},"author":1,"featured_media":0,"parent":0,"menu_order":0,"comment_status":"closed","ping_status":"closed","template":"page-templates\/full-width-page.php","meta":[],"yoast_head":"<!-- This site is optimized with the Yoast SEO plugin v17.5 - https:\/\/yoast.com\/wordpress\/plugins\/seo\/ -->\n<title>Les soins - EHPAD Raymond Poulin<\/title>\n<meta name=\"robots\" content=\"index, follow, max-snippet:-1, max-image-preview:large, max-video-preview:-1\" \/>\n<link rel=\"canonical\" href=\"https:\/\/ehpad-raymondpoulin.com\/?page_id=178\" \/>\n<meta property=\"og:locale\" content=\"fr_FR\" \/>\n<meta property=\"og:type\" content=\"article\" \/>\n<meta property=\"og:title\" content=\"Les soins - EHPAD Raymond Poulin\" \/>\n<meta property=\"og:description\" content=\"&#8220;Les soins&#8221; Notre service de soins prend en charge la surveillance m\u00e9dicale de jour et de nuit. Sous le contr\u00f4le d\u2019un m\u00e9decin coordonnateur et d\u2019une cadre de sant\u00e9, les infirmiers et aides-soignants organisent le planning de soins pour vous aider dans votre vie quotidienne. Les soins infirmiers (pansements, distribution des m\u00e9dicaments\u2026) sont effectu\u00e9s par les [&hellip;]\" \/>\n<meta property=\"og:url\" content=\"https:\/\/ehpad-raymondpoulin.com\/?page_id=178\" \/>\n<meta property=\"og:site_name\" content=\"EHPAD Raymond Poulin\" \/>\n<meta property=\"article:modified_time\" content=\"2022-01-05T12:44:40+00:00\" \/>\n<meta name=\"twitter:card\" content=\"summary_large_image\" \/>\n<meta name=\"twitter:label1\" content=\"Dur\u00e9e de lecture est.\" \/>\n\t<meta name=\"twitter:data1\" content=\"2 minutes\" \/>\n<script type=\"application\/ld+json\" class=\"yoast-schema-graph\">{\"@context\":\"https:\/\/schema.org\",\"@graph\":[{\"@type\":\"WebSite\",\"@id\":\"http:\/\/ehpad-raymondpoulin.com\/#website\",\"url\":\"http:\/\/ehpad-raymondpoulin.com\/\",\"name\":\"EHPAD Raymond Poulin\",\"description\":\"EHPAD RAYMOND POULIN\",\"potentialAction\":[{\"@type\":\"SearchAction\",\"target\":{\"@type\":\"EntryPoint\",\"urlTemplate\":\"http:\/\/ehpad-raymondpoulin.com\/?s={search_term_string}\"},\"query-input\":\"required name=search_term_string\"}],\"inLanguage\":\"fr-FR\"},{\"@type\":\"WebPage\",\"@id\":\"https:\/\/ehpad-raymondpoulin.com\/?page_id=178#webpage\",\"url\":\"https:\/\/ehpad-raymondpoulin.com\/?page_id=178\",\"name\":\"Les soins - EHPAD Raymond Poulin\",\"isPartOf\":{\"@id\":\"http:\/\/ehpad-raymondpoulin.com\/#website\"},\"datePublished\":\"2021-11-08T10:10:32+00:00\",\"dateModified\":\"2022-01-05T12:44:40+00:00\",\"breadcrumb\":{\"@id\":\"https:\/\/ehpad-raymondpoulin.com\/?page_id=178#breadcrumb\"},\"inLanguage\":\"fr-FR\",\"potentialAction\":[{\"@type\":\"ReadAction\",\"target\":[\"https:\/\/ehpad-raymondpoulin.com\/?page_id=178\"]}]},{\"@type\":\"BreadcrumbList\",\"@id\":\"https:\/\/ehpad-raymondpoulin.com\/?page_id=178#breadcrumb\",\"itemListElement\":[{\"@type\":\"ListItem\",\"position\":1,\"name\":\"Accueil\",\"item\":\"http:\/\/ehpad-raymondpoulin.com\/\"},{\"@type\":\"ListItem\",\"position\":2,\"name\":\"Les soins\"}]}]}<\/script>\n<!-- \/ Yoast SEO plugin. -->","yoast_head_json":{"title":"Les soins - EHPAD Raymond Poulin","robots":{"index":"index","follow":"follow","max-snippet":"max-snippet:-1","max-image-preview":"max-image-preview:large","max-video-preview":"max-video-preview:-1"},"canonical":"https:\/\/ehpad-raymondpoulin.com\/?page_id=178","og_locale":"fr_FR","og_type":"article","og_title":"Les soins - EHPAD Raymond Poulin","og_description":"&#8220;Les soins&#8221; Notre service de soins prend en charge la surveillance m\u00e9dicale de jour et de nuit. Sous le contr\u00f4le d\u2019un m\u00e9decin coordonnateur et d\u2019une cadre de sant\u00e9, les infirmiers et aides-soignants organisent le planning de soins pour vous aider dans votre vie quotidienne. Les soins infirmiers (pansements, distribution des m\u00e9dicaments\u2026) sont effectu\u00e9s par les [&hellip;]","og_url":"https:\/\/ehpad-raymondpoulin.com\/?page_id=178","og_site_name":"EHPAD Raymond Poulin","article_modified_time":"2022-01-05T12:44:40+00:00","twitter_card":"summary_large_image","twitter_misc":{"Dur\u00e9e de lecture est.":"2 minutes"},"schema":{"@context":"https:\/\/schema.org","@graph":[{"@type":"WebSite","@id":"http:\/\/ehpad-raymondpoulin.com\/#website","url":"http:\/\/ehpad-raymondpoulin.com\/","name":"EHPAD Raymond Poulin","description":"EHPAD RAYMOND POULIN","potentialAction":[{"@type":"SearchAction","target":{"@type":"EntryPoint","urlTemplate":"http:\/\/ehpad-raymondpoulin.com\/?s={search_term_string}"},"query-input":"required name=search_term_string"}],"inLanguage":"fr-FR"},{"@type":"WebPage","@id":"https:\/\/ehpad-raymondpoulin.com\/?page_id=178#webpage","url":"https:\/\/ehpad-raymondpoulin.com\/?page_id=178","name":"Les soins - EHPAD Raymond Poulin","isPartOf":{"@id":"http:\/\/ehpad-raymondpoulin.com\/#website"},"datePublished":"2021-11-08T10:10:32+00:00","dateModified":"2022-01-05T12:44:40+00:00","breadcrumb":{"@id":"https:\/\/ehpad-raymondpoulin.com\/?page_id=178#breadcrumb"},"inLanguage":"fr-FR","potentialAction":[{"@type":"ReadAction","target":["https:\/\/ehpad-raymondpoulin.com\/?page_id=178"]}]},{"@type":"BreadcrumbList","@id":"https:\/\/ehpad-raymondpoulin.com\/?page_id=178#breadcrumb","itemListElement":[{"@type":"ListItem","position":1,"name":"Accueil","item":"http:\/\/ehpad-raymondpoulin.com\/"},{"@type":"ListItem","position":2,"name":"Les soins"}]}]}},"_links":{"self":[{"href":"https:\/\/ehpad-raymondpoulin.com\/index.php?rest_route=\/wp\/v2\/pages\/178"}],"collection":[{"href":"https:\/\/ehpad-raymondpoulin.com\/index.php?rest_route=\/wp\/v2\/pages"}],"about":[{"href":"https:\/\/ehpad-raymondpoulin.com\/index.php?rest_route=\/wp\/v2\/types\/page"}],"author":[{"embeddable":true,"href":"https:\/\/ehpad-raymondpoulin.com\/index.php?rest_route=\/wp\/v2\/users\/1"}],"replies":[{"embeddable":true,"href":"https:\/\/ehpad-raymondpoulin.com\/index.php?rest_route=%2Fwp%2Fv2%2Fcomments&post=178"}],"version-history":[{"count":13,"href":"https:\/\/ehpad-raymondpoulin.com\/index.php?rest_route=\/wp\/v2\/pages\/178\/revisions"}],"predecessor-version":[{"id":2827,"href":"https:\/\/ehpad-raymondpoulin.com\/index.php?rest_route=\/wp\/v2\/pages\/178\/revisions\/2827"}],"wp:attachment":[{"href":"https:\/\/ehpad-raymondpoulin.com\/index.php?rest_route=%2Fwp%2Fv2%2Fmedia&parent=178"}],"curies":[{"name":"wp","href":"https:\/\/api.w.org\/{rel}","templated":true}]}}