{"id":208,"date":"2021-11-08T12:10:34","date_gmt":"2021-11-08T11:10:34","guid":{"rendered":"http:\/\/ehpad-raymondpoulin.com\/?page_id=208"},"modified":"2021-11-22T09:47:34","modified_gmt":"2021-11-22T08:47:34","slug":"le-pasa","status":"publish","type":"page","link":"https:\/\/ehpad-raymondpoulin.com\/?page_id=208","title":{"rendered":"Le PASA"},"content":{"rendered":"<div data-colibri-id=\"208-c1\" class=\"style-256 style-local-208-c1 position-relative\">\n  <!---->\n  <div data-colibri-component=\"section\" data-colibri-id=\"208-c2\" id=\"about\" class=\"h-section h-section-global-spacing d-flex align-items-lg-center align-items-md-center align-items-center style-257 style-local-208-c2 position-relative\">\n    <!---->\n    <!---->\n    <div class=\"h-section-grid-container h-section-boxed-container\">\n      <!---->\n      <div data-colibri-id=\"208-c3\" class=\"h-row-container gutters-row-lg-2 gutters-row-md-2 gutters-row-0 gutters-row-v-lg-2 gutters-row-v-md-2 gutters-row-v-2 style-258 style-local-208-c3 position-relative\">\n        <!---->\n        <div class=\"h-row justify-content-lg-center justify-content-md-center justify-content-center align-items-lg-stretch align-items-md-stretch align-items-stretch gutters-col-lg-2 gutters-col-md-2 gutters-col-0 gutters-col-v-lg-2 gutters-col-v-md-2 gutters-col-v-2\">\n          <!---->\n          <div class=\"h-column h-column-container d-flex h-col-lg-auto h-col-md-auto h-col-auto style-259-outer style-local-208-c4-outer\">\n            <div data-colibri-id=\"208-c4\" class=\"d-flex h-flex-basis h-column__inner h-px-lg-0 h-px-md-0 h-px-0 v-inner-lg-0 v-inner-md-0 v-inner-0 style-259 style-local-208-c4 position-relative\">\n              <!---->\n              <!---->\n              <div class=\"w-100 h-y-container h-column__content h-column__v-align flex-basis-100 align-self-lg-start align-self-md-start align-self-start\">\n                <!---->\n                <div data-colibri-id=\"208-c5\" class=\"h-global-transition-all h-heading style-261 style-local-208-c5 position-relative h-element\">\n                  <!---->\n                  <div class=\"h-heading__outer style-261 style-local-208-c5\">\n                    <!---->\n                    <!---->\n                    <h2 class=\"\">&#8220;Le PASA&#8221;<\/h2>\n                  <\/div>\n                <\/div>\n                <div data-colibri-id=\"208-c6\" class=\"h-text h-text-component style-262 style-local-208-c6 position-relative h-element\">\n                  <!---->\n                  <!---->\n                  <div class=\"\">\n                    <p><span style=\"font-size: 105%; font-family: Antic;\">Le P\u00f4le d\u2019Activit\u00e9 et de Soins Adapt\u00e9s permet d\u2019accueillir dans la journ\u00e9e des r\u00e9sidents de l\u2019EHPAD (12 \u00e0 14 personnes) ayant des troubles du comportement mod\u00e9r\u00e9s.<\/span><\/p>\n                    <p><span style=\"font-size: 105%; font-family: Antic;\">Des activit\u00e9s th\u00e9rapeutiques sont propos\u00e9es au sein de ce p\u00f4le (d\u00e9jeuners th\u00e9rapeutiques, cuisine, gym douce, ateliers m\u00e9moire, bien-\u00eatre, etc&#8230;)<\/span><\/p>\n                    <p><span style=\"font-size: 105%; font-family: Antic;\">La psychologue, la psychomotricienne, le m\u00e9decin coordonnateur, et l\u2019infirmi\u00e8re r\u00e9f\u00e9rente \u00e9valuent pour les r\u00e9sidents l\u2019opportunit\u00e9 de participer \u00e0 ces ateliers.<\/span><\/p>\n                  <\/div>\n                <\/div>\n              <\/div>\n            <\/div>\n          <\/div>\n          <div data-aos=\"slideInRight\" class=\"h-column h-column-container d-flex h-col-lg-auto h-col-md-auto h-col-auto style-263-outer style-local-208-c7-outer\">\n            <div data-colibri-id=\"208-c7\" class=\"d-flex h-flex-basis h-column__inner h-ui-empty-state-container h-px-lg-2 h-px-md-2 h-px-2 v-inner-lg-2 v-inner-md-2 v-inner-2 style-263 style-local-208-c7 position-relative\">\n              <!---->\n              <!---->\n              <div class=\"w-100 h-y-container h-column__content h-column__v-align flex-basis-100\">\n                <!---->\n              <\/div>\n            <\/div>\n          <\/div>\n        <\/div>\n      <\/div>\n    <\/div>\n  <\/div>\n<\/div>","protected":false},"excerpt":{"rendered":"<p>&#8220;Le PASA&#8221; Le P\u00f4le d\u2019Activit\u00e9 et de Soins Adapt\u00e9s permet d\u2019accueillir dans la journ\u00e9e des r\u00e9sidents de l\u2019EHPAD (12 \u00e0 14 personnes) ayant des troubles du comportement mod\u00e9r\u00e9s. Des activit\u00e9s th\u00e9rapeutiques sont propos\u00e9es au sein de ce p\u00f4le (d\u00e9jeuners th\u00e9rapeutiques, cuisine, gym douce, ateliers m\u00e9moire, bien-\u00eatre, etc&#8230;) La psychologue, la psychomotricienne, le m\u00e9decin coordonnateur, et [&hellip;]<\/p>\n","protected":false},"author":1,"featured_media":0,"parent":0,"menu_order":0,"comment_status":"closed","ping_status":"closed","template":"page-templates\/full-width-page.php","meta":[],"yoast_head":"<!-- This site is optimized with the Yoast SEO plugin v17.5 - https:\/\/yoast.com\/wordpress\/plugins\/seo\/ -->\n<title>Le PASA - EHPAD Raymond Poulin<\/title>\n<meta name=\"robots\" content=\"index, follow, max-snippet:-1, max-image-preview:large, max-video-preview:-1\" \/>\n<link rel=\"canonical\" href=\"http:\/\/ehpad-raymondpoulin.com\/?page_id=208\" \/>\n<meta property=\"og:locale\" content=\"fr_FR\" \/>\n<meta property=\"og:type\" content=\"article\" \/>\n<meta property=\"og:title\" content=\"Le PASA - EHPAD Raymond Poulin\" \/>\n<meta property=\"og:description\" content=\"&#8220;Le PASA&#8221; Le P\u00f4le d\u2019Activit\u00e9 et de Soins Adapt\u00e9s permet d\u2019accueillir dans la journ\u00e9e des r\u00e9sidents de l\u2019EHPAD (12 \u00e0 14 personnes) ayant des troubles du comportement mod\u00e9r\u00e9s. Des activit\u00e9s th\u00e9rapeutiques sont propos\u00e9es au sein de ce p\u00f4le (d\u00e9jeuners th\u00e9rapeutiques, cuisine, gym douce, ateliers m\u00e9moire, bien-\u00eatre, etc&#8230;) La psychologue, la psychomotricienne, le m\u00e9decin coordonnateur, et [&hellip;]\" \/>\n<meta property=\"og:url\" content=\"http:\/\/ehpad-raymondpoulin.com\/?page_id=208\" \/>\n<meta property=\"og:site_name\" content=\"EHPAD Raymond Poulin\" \/>\n<meta property=\"article:modified_time\" content=\"2021-11-22T08:47:34+00:00\" \/>\n<meta name=\"twitter:card\" content=\"summary_large_image\" \/>\n<script type=\"application\/ld+json\" class=\"yoast-schema-graph\">{\"@context\":\"https:\/\/schema.org\",\"@graph\":[{\"@type\":\"WebSite\",\"@id\":\"http:\/\/ehpad-raymondpoulin.com\/#website\",\"url\":\"http:\/\/ehpad-raymondpoulin.com\/\",\"name\":\"EHPAD Raymond Poulin\",\"description\":\"EHPAD RAYMOND POULIN\",\"potentialAction\":[{\"@type\":\"SearchAction\",\"target\":{\"@type\":\"EntryPoint\",\"urlTemplate\":\"http:\/\/ehpad-raymondpoulin.com\/?s={search_term_string}\"},\"query-input\":\"required name=search_term_string\"}],\"inLanguage\":\"fr-FR\"},{\"@type\":\"WebPage\",\"@id\":\"http:\/\/ehpad-raymondpoulin.com\/?page_id=208#webpage\",\"url\":\"http:\/\/ehpad-raymondpoulin.com\/?page_id=208\",\"name\":\"Le PASA - EHPAD Raymond Poulin\",\"isPartOf\":{\"@id\":\"http:\/\/ehpad-raymondpoulin.com\/#website\"},\"datePublished\":\"2021-11-08T11:10:34+00:00\",\"dateModified\":\"2021-11-22T08:47:34+00:00\",\"breadcrumb\":{\"@id\":\"http:\/\/ehpad-raymondpoulin.com\/?page_id=208#breadcrumb\"},\"inLanguage\":\"fr-FR\",\"potentialAction\":[{\"@type\":\"ReadAction\",\"target\":[\"http:\/\/ehpad-raymondpoulin.com\/?page_id=208\"]}]},{\"@type\":\"BreadcrumbList\",\"@id\":\"http:\/\/ehpad-raymondpoulin.com\/?page_id=208#breadcrumb\",\"itemListElement\":[{\"@type\":\"ListItem\",\"position\":1,\"name\":\"Accueil\",\"item\":\"http:\/\/ehpad-raymondpoulin.com\/\"},{\"@type\":\"ListItem\",\"position\":2,\"name\":\"Le PASA\"}]}]}<\/script>\n<!-- \/ Yoast SEO plugin. -->","yoast_head_json":{"title":"Le PASA - EHPAD Raymond Poulin","robots":{"index":"index","follow":"follow","max-snippet":"max-snippet:-1","max-image-preview":"max-image-preview:large","max-video-preview":"max-video-preview:-1"},"canonical":"http:\/\/ehpad-raymondpoulin.com\/?page_id=208","og_locale":"fr_FR","og_type":"article","og_title":"Le PASA - EHPAD Raymond Poulin","og_description":"&#8220;Le PASA&#8221; Le P\u00f4le d\u2019Activit\u00e9 et de Soins Adapt\u00e9s permet d\u2019accueillir dans la journ\u00e9e des r\u00e9sidents de l\u2019EHPAD (12 \u00e0 14 personnes) ayant des troubles du comportement mod\u00e9r\u00e9s. Des activit\u00e9s th\u00e9rapeutiques sont propos\u00e9es au sein de ce p\u00f4le (d\u00e9jeuners th\u00e9rapeutiques, cuisine, gym douce, ateliers m\u00e9moire, bien-\u00eatre, etc&#8230;) La psychologue, la psychomotricienne, le m\u00e9decin coordonnateur, et [&hellip;]","og_url":"http:\/\/ehpad-raymondpoulin.com\/?page_id=208","og_site_name":"EHPAD Raymond Poulin","article_modified_time":"2021-11-22T08:47:34+00:00","twitter_card":"summary_large_image","schema":{"@context":"https:\/\/schema.org","@graph":[{"@type":"WebSite","@id":"http:\/\/ehpad-raymondpoulin.com\/#website","url":"http:\/\/ehpad-raymondpoulin.com\/","name":"EHPAD Raymond Poulin","description":"EHPAD RAYMOND POULIN","potentialAction":[{"@type":"SearchAction","target":{"@type":"EntryPoint","urlTemplate":"http:\/\/ehpad-raymondpoulin.com\/?s={search_term_string}"},"query-input":"required name=search_term_string"}],"inLanguage":"fr-FR"},{"@type":"WebPage","@id":"http:\/\/ehpad-raymondpoulin.com\/?page_id=208#webpage","url":"http:\/\/ehpad-raymondpoulin.com\/?page_id=208","name":"Le PASA - EHPAD Raymond Poulin","isPartOf":{"@id":"http:\/\/ehpad-raymondpoulin.com\/#website"},"datePublished":"2021-11-08T11:10:34+00:00","dateModified":"2021-11-22T08:47:34+00:00","breadcrumb":{"@id":"http:\/\/ehpad-raymondpoulin.com\/?page_id=208#breadcrumb"},"inLanguage":"fr-FR","potentialAction":[{"@type":"ReadAction","target":["http:\/\/ehpad-raymondpoulin.com\/?page_id=208"]}]},{"@type":"BreadcrumbList","@id":"http:\/\/ehpad-raymondpoulin.com\/?page_id=208#breadcrumb","itemListElement":[{"@type":"ListItem","position":1,"name":"Accueil","item":"http:\/\/ehpad-raymondpoulin.com\/"},{"@type":"ListItem","position":2,"name":"Le PASA"}]}]}},"_links":{"self":[{"href":"https:\/\/ehpad-raymondpoulin.com\/index.php?rest_route=\/wp\/v2\/pages\/208"}],"collection":[{"href":"https:\/\/ehpad-raymondpoulin.com\/index.php?rest_route=\/wp\/v2\/pages"}],"about":[{"href":"https:\/\/ehpad-raymondpoulin.com\/index.php?rest_route=\/wp\/v2\/types\/page"}],"author":[{"embeddable":true,"href":"https:\/\/ehpad-raymondpoulin.com\/index.php?rest_route=\/wp\/v2\/users\/1"}],"replies":[{"embeddable":true,"href":"https:\/\/ehpad-raymondpoulin.com\/index.php?rest_route=%2Fwp%2Fv2%2Fcomments&post=208"}],"version-history":[{"count":11,"href":"https:\/\/ehpad-raymondpoulin.com\/index.php?rest_route=\/wp\/v2\/pages\/208\/revisions"}],"predecessor-version":[{"id":2527,"href":"https:\/\/ehpad-raymondpoulin.com\/index.php?rest_route=\/wp\/v2\/pages\/208\/revisions\/2527"}],"wp:attachment":[{"href":"https:\/\/ehpad-raymondpoulin.com\/index.php?rest_route=%2Fwp%2Fv2%2Fmedia&parent=208"}],"curies":[{"name":"wp","href":"https:\/\/api.w.org\/{rel}","templated":true}]}}