{"id":217,"date":"2021-11-08T12:14:49","date_gmt":"2021-11-08T11:14:49","guid":{"rendered":"http:\/\/ehpad-raymondpoulin.com\/?page_id=217"},"modified":"2023-03-06T11:31:06","modified_gmt":"2023-03-06T10:31:06","slug":"inscription","status":"publish","type":"page","link":"https:\/\/ehpad-raymondpoulin.com\/?page_id=217","title":{"rendered":"Inscription"},"content":{"rendered":"<div data-colibri-id=\"217-c1\" class=\"style-277 style-local-217-c1 position-relative\">\r\n  <!---->\r\n  <div data-colibri-component=\"section\" data-colibri-id=\"217-c2\" id=\"about\" class=\"h-section h-section-global-spacing d-flex align-items-lg-center align-items-md-center align-items-center style-278 style-local-217-c2 position-relative\">\r\n    <!---->\r\n    <!---->\r\n    <div class=\"h-section-grid-container h-section-boxed-container\">\r\n      <!---->\r\n      <div data-colibri-id=\"217-c3\" class=\"h-row-container gutters-row-lg-0 gutters-row-md-0 gutters-row-0 gutters-row-v-lg-0 gutters-row-v-md-0 gutters-row-v-0 style-279 style-local-217-c3 position-relative\">\r\n        <!---->\r\n        <div class=\"h-row justify-content-lg-center justify-content-md-center justify-content-center align-items-lg-stretch align-items-md-stretch align-items-stretch gutters-col-lg-0 gutters-col-md-0 gutters-col-0 gutters-col-v-lg-0 gutters-col-v-md-0 gutters-col-v-0\">\r\n          <!---->\r\n          <div class=\"h-column h-column-container d-flex h-col-lg-auto h-col-md-auto h-col-auto style-280-outer style-local-217-c4-outer\">\r\n            <div data-colibri-id=\"217-c4\" class=\"d-flex h-flex-basis h-column__inner h-px-lg-0 h-px-md-0 h-px-0 v-inner-lg-0 v-inner-md-0 v-inner-0 style-280 style-local-217-c4 position-relative\">\r\n              <!---->\r\n              <!---->\r\n              <div class=\"w-100 h-y-container h-column__content h-column__v-align flex-basis-100 align-self-lg-start align-self-md-start align-self-start\">\r\n                <!---->\r\n                <div data-colibri-id=\"217-c5\" class=\"h-global-transition-all h-heading style-282 style-local-217-c5 position-relative h-element\">\r\n                  <!---->\r\n                  <div class=\"h-heading__outer style-282 style-local-217-c5\">\r\n                    <!---->\r\n                    <!---->\r\n                    <h2 class=\"\"><span style=\"font-family: Antic Didone;\">&#8220;L&#8217;inscription&#8221;<\/span><\/h2>\r\n                  <\/div>\r\n                <\/div>\r\n                <div data-colibri-id=\"217-c6\" class=\"h-text h-text-component style-738 style-local-217-c6 position-relative h-element\">\r\n                  <!---->\r\n                  <!---->\r\n                  <div class=\"\">\r\n                    <p><span style=\"color: rgb(0, 0, 0); font-size: 105%; font-family: Antic;\">L\u2019inscription se fait par l\u2019interm\u00e9diaire du site internet national ViaTrajectoire.<\/span><\/p>\r\n                    <p><span style=\"color: rgb(0, 0, 0); font-size: 105%; font-family: Antic;\">Le dossier informatis\u00e9 sera compos\u00e9 obligatoirement :<\/span><\/p>\r\n                    <ul>\r\n                      <li><span style=\"color: rgb(0, 0, 0); font-size: 105%; font-family: Antic;\">de la partie administrative, <\/span><\/li>\r\n                      <li><span style=\"color: rgb(0, 0, 0); font-size: 105%; font-family: Antic;\">des pi\u00e8ces justificatives jointes (identit\u00e9, imp\u00f4ts, justificatifs d\u2019\u00e9pargne\u2026)<\/span><\/li>\r\n                      <li><span style=\"color: rgb(0, 0, 0); font-size: 105%; font-family: Antic;\">du dossier m\u00e9dical saisi par le m\u00e9decin traitant<\/span><\/li>\r\n                    <\/ul>\r\n                    <p><span style=\"color: rgb(0, 0, 0); font-size: 105%; font-family: Antic;\">Nous vous invitons \u00e0 nous contacter d\u00e8s que le dossier est complet.<\/span><\/p>\r\n                    <p><span style=\"color: rgb(0, 0, 0); font-size: 105%; font-family: Antic;\">Tout dossier incomplet ne pourra \u00eatre retenu.<\/span><\/p>\r\n                    <p><span style=\"color: rgb(0, 0, 0); font-size: 105%; font-family: Antic;\">En cas de difficult\u00e9, nous pouvons vous accompagner dans les d\u00e9marches informatiques.<\/span><\/p>\r\n                  <\/div>\r\n                <\/div>\r\n                <div data-colibri-id=\"217-c7\" class=\"h-x-container style-361 style-local-217-c7 position-relative h-element\">\r\n                  <!---->\r\n                  <div class=\"h-x-container-inner style-dynamic-217-c7-group style-361-spacing style-local-217-c7-spacing\"><span class=\"h-link__outer style-362-outer style-local-217-c8-outer d-inline-flex h-element\"><a h-use-smooth-scroll=\"true\" href=\"https:\/\/trajectoire.sante-ra.fr\/Trajectoire\/\" target=\"_blank\" data-colibri-id=\"217-c8\" class=\"d-flex w-100 align-items-center h-link style-362 style-local-217-c8 position-relative\" rel=\"noopener\"><!----><span  class=\"h-svg-icon h-link__icon style-362-icon style-local-217-c8-icon\"><!--Icon by Font Awesome (https:\/\/fontawesome.com)--><svg version=\"1.1\" xmlns=\"http:\/\/www.w3.org\/2000\/svg\" xmlns:xlink=\"http:\/\/www.w3.org\/1999\/xlink\" id=\"mail-forward\" viewBox=\"0 0 1792 1896.0833\"><path d=\"M1792 640q0 26-19 45l-512 512q-19 19-45 19t-45-19-19-45V896H928q-98 0-175.5 6t-154 21.5-133 42.5-105.5 69.5-80 101-48.5 138.5-17.5 181q0 55 5 123 0 6 2.5 23.5t2.5 26.5q0 15-8.5 25t-23.5 10q-16 0-28-17-7-9-13-22t-13.5-30-10.5-24Q0 1286 0 1120q0-199 53-333 162-403 875-403h224V128q0-26 19-45t45-19 45 19l512 512q19 19 19 45z\"><\/path><\/svg><\/span>                    <span>ViaTrajectoire<\/span><\/a>\r\n                    <\/span>\r\n                  <\/div>\r\n                <\/div>\r\n              <\/div>\r\n            <\/div>\r\n          <\/div>\r\n        <\/div>\r\n      <\/div>\r\n    <\/div>\r\n  <\/div>\r\n<\/div>","protected":false},"excerpt":{"rendered":"<p>&#8220;L&#8217;inscription&#8221; L\u2019inscription se fait par l\u2019interm\u00e9diaire du site internet national ViaTrajectoire. Le dossier informatis\u00e9 sera compos\u00e9 obligatoirement : de la partie administrative, des pi\u00e8ces justificatives jointes (identit\u00e9, imp\u00f4ts, justificatifs d\u2019\u00e9pargne\u2026) du dossier m\u00e9dical saisi par le m\u00e9decin traitant Nous vous invitons \u00e0 nous contacter d\u00e8s que le dossier est complet. Tout dossier incomplet ne pourra [&hellip;]<\/p>\n","protected":false},"author":1,"featured_media":0,"parent":0,"menu_order":0,"comment_status":"closed","ping_status":"closed","template":"page-templates\/full-width-page.php","meta":[],"yoast_head":"<!-- This site is optimized with the Yoast SEO plugin v17.5 - https:\/\/yoast.com\/wordpress\/plugins\/seo\/ -->\n<title>Inscription - EHPAD Raymond Poulin<\/title>\n<meta name=\"robots\" content=\"index, follow, max-snippet:-1, max-image-preview:large, max-video-preview:-1\" \/>\n<link rel=\"canonical\" href=\"http:\/\/ehpad-raymondpoulin.com\/?page_id=217\" \/>\n<meta property=\"og:locale\" content=\"fr_FR\" \/>\n<meta property=\"og:type\" content=\"article\" \/>\n<meta property=\"og:title\" content=\"Inscription - EHPAD Raymond Poulin\" \/>\n<meta property=\"og:description\" content=\"&#8220;L&#8217;inscription&#8221; L\u2019inscription se fait par l\u2019interm\u00e9diaire du site internet national ViaTrajectoire. Le dossier informatis\u00e9 sera compos\u00e9 obligatoirement : de la partie administrative, des pi\u00e8ces justificatives jointes (identit\u00e9, imp\u00f4ts, justificatifs d\u2019\u00e9pargne\u2026) du dossier m\u00e9dical saisi par le m\u00e9decin traitant Nous vous invitons \u00e0 nous contacter d\u00e8s que le dossier est complet. Tout dossier incomplet ne pourra [&hellip;]\" \/>\n<meta property=\"og:url\" content=\"http:\/\/ehpad-raymondpoulin.com\/?page_id=217\" \/>\n<meta property=\"og:site_name\" content=\"EHPAD Raymond Poulin\" \/>\n<meta property=\"article:modified_time\" content=\"2023-03-06T10:31:06+00:00\" \/>\n<meta name=\"twitter:card\" content=\"summary_large_image\" \/>\n<script type=\"application\/ld+json\" class=\"yoast-schema-graph\">{\"@context\":\"https:\/\/schema.org\",\"@graph\":[{\"@type\":\"WebSite\",\"@id\":\"http:\/\/ehpad-raymondpoulin.com\/#website\",\"url\":\"http:\/\/ehpad-raymondpoulin.com\/\",\"name\":\"EHPAD Raymond Poulin\",\"description\":\"EHPAD RAYMOND POULIN\",\"potentialAction\":[{\"@type\":\"SearchAction\",\"target\":{\"@type\":\"EntryPoint\",\"urlTemplate\":\"http:\/\/ehpad-raymondpoulin.com\/?s={search_term_string}\"},\"query-input\":\"required name=search_term_string\"}],\"inLanguage\":\"fr-FR\"},{\"@type\":\"WebPage\",\"@id\":\"http:\/\/ehpad-raymondpoulin.com\/?page_id=217#webpage\",\"url\":\"http:\/\/ehpad-raymondpoulin.com\/?page_id=217\",\"name\":\"Inscription - EHPAD Raymond Poulin\",\"isPartOf\":{\"@id\":\"http:\/\/ehpad-raymondpoulin.com\/#website\"},\"datePublished\":\"2021-11-08T11:14:49+00:00\",\"dateModified\":\"2023-03-06T10:31:06+00:00\",\"breadcrumb\":{\"@id\":\"http:\/\/ehpad-raymondpoulin.com\/?page_id=217#breadcrumb\"},\"inLanguage\":\"fr-FR\",\"potentialAction\":[{\"@type\":\"ReadAction\",\"target\":[\"http:\/\/ehpad-raymondpoulin.com\/?page_id=217\"]}]},{\"@type\":\"BreadcrumbList\",\"@id\":\"http:\/\/ehpad-raymondpoulin.com\/?page_id=217#breadcrumb\",\"itemListElement\":[{\"@type\":\"ListItem\",\"position\":1,\"name\":\"Accueil\",\"item\":\"http:\/\/ehpad-raymondpoulin.com\/\"},{\"@type\":\"ListItem\",\"position\":2,\"name\":\"Inscription\"}]}]}<\/script>\n<!-- \/ Yoast SEO plugin. -->","yoast_head_json":{"title":"Inscription - EHPAD Raymond Poulin","robots":{"index":"index","follow":"follow","max-snippet":"max-snippet:-1","max-image-preview":"max-image-preview:large","max-video-preview":"max-video-preview:-1"},"canonical":"http:\/\/ehpad-raymondpoulin.com\/?page_id=217","og_locale":"fr_FR","og_type":"article","og_title":"Inscription - EHPAD Raymond Poulin","og_description":"&#8220;L&#8217;inscription&#8221; L\u2019inscription se fait par l\u2019interm\u00e9diaire du site internet national ViaTrajectoire. Le dossier informatis\u00e9 sera compos\u00e9 obligatoirement : de la partie administrative, des pi\u00e8ces justificatives jointes (identit\u00e9, imp\u00f4ts, justificatifs d\u2019\u00e9pargne\u2026) du dossier m\u00e9dical saisi par le m\u00e9decin traitant Nous vous invitons \u00e0 nous contacter d\u00e8s que le dossier est complet. Tout dossier incomplet ne pourra [&hellip;]","og_url":"http:\/\/ehpad-raymondpoulin.com\/?page_id=217","og_site_name":"EHPAD Raymond Poulin","article_modified_time":"2023-03-06T10:31:06+00:00","twitter_card":"summary_large_image","schema":{"@context":"https:\/\/schema.org","@graph":[{"@type":"WebSite","@id":"http:\/\/ehpad-raymondpoulin.com\/#website","url":"http:\/\/ehpad-raymondpoulin.com\/","name":"EHPAD Raymond Poulin","description":"EHPAD RAYMOND POULIN","potentialAction":[{"@type":"SearchAction","target":{"@type":"EntryPoint","urlTemplate":"http:\/\/ehpad-raymondpoulin.com\/?s={search_term_string}"},"query-input":"required name=search_term_string"}],"inLanguage":"fr-FR"},{"@type":"WebPage","@id":"http:\/\/ehpad-raymondpoulin.com\/?page_id=217#webpage","url":"http:\/\/ehpad-raymondpoulin.com\/?page_id=217","name":"Inscription - EHPAD Raymond Poulin","isPartOf":{"@id":"http:\/\/ehpad-raymondpoulin.com\/#website"},"datePublished":"2021-11-08T11:14:49+00:00","dateModified":"2023-03-06T10:31:06+00:00","breadcrumb":{"@id":"http:\/\/ehpad-raymondpoulin.com\/?page_id=217#breadcrumb"},"inLanguage":"fr-FR","potentialAction":[{"@type":"ReadAction","target":["http:\/\/ehpad-raymondpoulin.com\/?page_id=217"]}]},{"@type":"BreadcrumbList","@id":"http:\/\/ehpad-raymondpoulin.com\/?page_id=217#breadcrumb","itemListElement":[{"@type":"ListItem","position":1,"name":"Accueil","item":"http:\/\/ehpad-raymondpoulin.com\/"},{"@type":"ListItem","position":2,"name":"Inscription"}]}]}},"_links":{"self":[{"href":"https:\/\/ehpad-raymondpoulin.com\/index.php?rest_route=\/wp\/v2\/pages\/217"}],"collection":[{"href":"https:\/\/ehpad-raymondpoulin.com\/index.php?rest_route=\/wp\/v2\/pages"}],"about":[{"href":"https:\/\/ehpad-raymondpoulin.com\/index.php?rest_route=\/wp\/v2\/types\/page"}],"author":[{"embeddable":true,"href":"https:\/\/ehpad-raymondpoulin.com\/index.php?rest_route=\/wp\/v2\/users\/1"}],"replies":[{"embeddable":true,"href":"https:\/\/ehpad-raymondpoulin.com\/index.php?rest_route=%2Fwp%2Fv2%2Fcomments&post=217"}],"version-history":[{"count":20,"href":"https:\/\/ehpad-raymondpoulin.com\/index.php?rest_route=\/wp\/v2\/pages\/217\/revisions"}],"predecessor-version":[{"id":2945,"href":"https:\/\/ehpad-raymondpoulin.com\/index.php?rest_route=\/wp\/v2\/pages\/217\/revisions\/2945"}],"wp:attachment":[{"href":"https:\/\/ehpad-raymondpoulin.com\/index.php?rest_route=%2Fwp%2Fv2%2Fmedia&parent=217"}],"curies":[{"name":"wp","href":"https:\/\/api.w.org\/{rel}","templated":true}]}}