{"id":2216,"date":"2021-11-19T10:19:49","date_gmt":"2021-11-19T09:19:49","guid":{"rendered":"http:\/\/ehpad-raymondpoulin.com\/?page_id=2216"},"modified":"2022-01-05T13:49:21","modified_gmt":"2022-01-05T12:49:21","slug":"les-aides","status":"publish","type":"page","link":"https:\/\/ehpad-raymondpoulin.com\/?page_id=2216","title":{"rendered":"Les aides"},"content":{"rendered":"<div data-colibri-id=\"2216-c1\" class=\"style-728 style-local-2216-c1 position-relative\">\n  <!---->\n  <div data-colibri-component=\"section\" data-colibri-id=\"2216-c2\" id=\"about\" class=\"h-section h-section-global-spacing d-flex align-items-lg-center align-items-md-center align-items-center style-729 style-local-2216-c2 position-relative\">\n    <!---->\n    <!---->\n    <div class=\"h-section-grid-container h-section-boxed-container\">\n      <!---->\n      <div data-colibri-id=\"2216-c3\" class=\"h-row-container gutters-row-lg-0 gutters-row-md-0 gutters-row-0 gutters-row-v-lg-0 gutters-row-v-md-0 gutters-row-v-0 style-730 style-local-2216-c3 position-relative\">\n        <!---->\n        <div class=\"h-row justify-content-lg-center justify-content-md-center justify-content-center align-items-lg-stretch align-items-md-stretch align-items-stretch gutters-col-lg-0 gutters-col-md-0 gutters-col-0 gutters-col-v-lg-0 gutters-col-v-md-0 gutters-col-v-0\">\n          <!---->\n          <div class=\"h-column h-column-container d-flex h-col-lg-auto h-col-md-auto h-col-auto style-731-outer style-local-2216-c4-outer\">\n            <div data-colibri-id=\"2216-c4\" class=\"d-flex h-flex-basis h-column__inner h-px-lg-0 h-px-md-0 h-px-0 v-inner-lg-0 v-inner-md-0 v-inner-0 style-731 style-local-2216-c4 position-relative\">\n              <!---->\n              <!---->\n              <div class=\"w-100 h-y-container h-column__content h-column__v-align flex-basis-100 align-self-lg-start align-self-md-start align-self-start\">\n                <!---->\n                <div data-colibri-id=\"2216-c5\" class=\"h-global-transition-all h-heading style-733 style-local-2216-c5 position-relative h-element\">\n                  <!---->\n                  <div class=\"h-heading__outer style-733 style-local-2216-c5\">\n                    <!---->\n                    <!---->\n                    <h2 class=\"\">&#8220;Les aides&#8221;<\/h2>\n                  <\/div>\n                <\/div>\n                <div data-colibri-id=\"2216-c6\" class=\"h-text h-text-component style-734 style-local-2216-c6 position-relative h-element\">\n                  <!---->\n                  <!---->\n                  <div class=\"\">\n                    <p>\n                      <a href=\"https:\/\/www.loiret.fr\/aide\/allocation-personnalisee-dautonomie-apa-domicile-et-en-etablissement-ayant-opte-pour-la-0\" target=\"_blank\" class=\"customize-unpreviewable\" style=\"font-family: Antic; color: rgb(28, 56, 220); font-size: 105%;\" rel=\"noopener\">\n                        <u>Allocation personnalis\u00e9e d&#8217;autonomie (APA)<\/u>\n                      <\/a>\n                    <\/p>\n                    <p><span style=\"font-size: 105%; font-family: Antic; color: rgb(0, 0, 0);\">L&#8217;APA est destin\u00e9e \u00e0 payer le tarif d\u00e9pendance durant un h\u00e9bergement temporaire et&nbsp;pour une dur\u00e9e maximale de 90 jours par an.<\/span><\/p>\n                    <p><span style=\"font-size: 105%; font-family: Antic; color: rgb(0, 0, 0);\">Cependant, selon vos revenus, Une participation financi\u00e8re peut \u00eatre laiss\u00e9e \u00e0 votre charge.<\/span><\/p>\n                    <p><span style=\"font-size: 105%; font-family: Antic; color: rgb(0, 0, 0);\">Lors d\u2019un h\u00e9bergement permanent, l\u2019APA est vers\u00e9e directement \u00e0 l\u2019EHPAD et d\u00e9duite de la facture pour les habitants du Loiret<\/span><\/p>\n                    <p>\n                      <a href=\"https:\/\/www.pour-les-personnes-agees.gouv.fr\/solutions-pour-les-aidants\/soutien-financier\/laide-au-repit-dans-le-cadre-de-lapa\" target=\"_blank\" class=\"customize-unpreviewable\" style=\"font-size: 105%; color: rgb(13, 61, 217); font-family: Antic;\" rel=\"noopener\">\n                        <u>L&#8217;aide au r\u00e9pit dans le cadre de l&#8217;APA<\/u>\n                      <\/a>\n                    <\/p>\n                    <p><span style=\"font-size: 105%; color: rgb(0, 0, 0); font-family: Antic;\">L\u2019aide au r\u00e9pit permet aux proches aidants des personnes \u00e2g\u00e9es b\u00e9n\u00e9ficiant de l\u2019APA (allocation personnalis\u00e9e d\u2019autonomie) de se reposer ou de d\u00e9gager du temps.<\/span><\/p>\n                    <p><span style=\"font-size: 105%; color: rgb(0, 0, 0); font-family: Antic;\">En cas d\u2019hospitalisation du proche aidant, une aide ponctuelle permet de financer l\u2019h\u00e9bergement temporaire de la personne aid\u00e9e ou un relais \u00e0 domicile.<\/span><\/p>\n                    <p><span style=\"font-size: 105%; color: rgb(0, 0, 0); font-family: Antic;\">Si le plafond du plan d\u2019aide APA est atteint, il est possible de b\u00e9n\u00e9ficier d\u2019une enveloppe suppl\u00e9mentaire dans la limite de 509,76 \u20ac par an pour financer des aides au r\u00e9pit.<\/span><\/p>\n                    <p>\n                      <a href=\"https:\/\/www.pour-les-personnes-agees.gouv.fr\/vivre-dans-un-ehpad\/aides-financieres-en-ehpad\/laide-sociale-a-lhebergement-ash-en-etablissement\" target=\"_blank\" class=\"customize-unpreviewable\" style=\"font-size: 105%; font-family: Antic; color: rgb(40, 61, 223);\" rel=\"noopener\">\n                        <u>L\u2019aide sociale \u00e0 l\u2019h\u00e9bergement (ASH)<\/u>\n                      <\/a>\n                      <u style=\"font-size: 105%; font-family: Antic; color: rgb(0, 0, 0);\">\n                        <br>\n                      <\/u>\n                    <\/p>\n                    <p><span style=\"font-size: 105%; font-family: Antic; color: rgb(0, 0, 0);\">L\u2019EHPAD Raymond Poulin est \u00e9ligible \u00e0 l\u2019ASH.<\/span><\/p>\n                    <p><span style=\"font-size: 105%; color: rgb(0, 0, 0); font-family: Antic;\">Pour \u00e9viter un maintien \u00e0 domicile contraint par des raisons financi\u00e8res, l\u2019ASH (aide sociale \u00e0 l\u2019h\u00e9bergement) peut \u00eatre demand\u00e9e aupr\u00e8s du conseil d\u00e9partemental par les personnes \u00e2g\u00e9es h\u00e9berg\u00e9es en \u00e9tablissement.<\/span><\/p>\n                    <p><span style=\"font-size: 105%; font-family: Antic; color: rgb(0, 0, 0);\">Le conseil d\u00e9partemental paie la diff\u00e9rence entre le montant de la facture et la contribution de la personne, voire de ses oblig\u00e9s alimentaires.<\/span><\/p>\n                    <p>\n                      <a href=\"https:\/\/www.pour-les-personnes-agees.gouv.fr\/vivre-dans-un-ehpad\/aides-financieres-en-ehpad\/les-aides-au-logement-en-etablissement\" target=\"_blank\" class=\"customize-unpreviewable\" style=\"font-size: 105%; color: rgb(15, 30, 231); font-family: Antic;\" rel=\"noopener\">\n                        <u>Les aides au logement en \u00e9tablissement<\/u>\n                      <\/a>\n                    <\/p>\n                    <p><span style=\"font-size: 105%; color: rgb(0, 0, 0); font-family: Antic;\">Les personnes \u00e2g\u00e9es qui vivent en \u00e9tablissement peuvent percevoir une aide au logement. Les aides au logement sont des aides financi\u00e8res destin\u00e9es \u00e0 r\u00e9duire la d\u00e9pense de logement.<\/span><\/p>\n                    <p>\n                      <a href=\"https:\/\/www.pour-les-personnes-agees.gouv.fr\/vivre-dans-un-ehpad\/aides-financieres-en-ehpad\/la-reduction-dimpot-en-etablissement-dhebergement\" target=\"_blank\" class=\"customize-unpreviewable\" style=\"font-size: 105%; font-family: Antic; color: rgb(11, 59, 222);\" rel=\"noopener\">\n                        <u>La r\u00e9duction d&#8217;imp\u00f4t en \u00e9tablissement d\u2019h\u00e9bergement<\/u>\n                      <\/a>\n                    <\/p>\n                    <p><span style=\"font-size: 105%; font-family: Antic; color: rgb(0, 0, 0);\">Les montants pris en compte pour calculer cette r\u00e9duction d\u2019imp\u00f4t sont les d\u00e9penses effectu\u00e9es durant l\u2019ann\u00e9e pr\u00e9c\u00e9dant l\u2019ann\u00e9e de d\u00e9claration :<\/span><\/p>\n                    <p><span style=\"font-size: 105%; font-family: Antic; color: rgb(0, 0, 0);\">&#8211; pour payer les frais li\u00e9s \u00e0 la d\u00e9pendance (c\u2019est-\u00e0-dire l\u2019accompagnement par du personnel form\u00e9 par exemple pour l\u2019aide \u00e0 la toilette, aux d\u00e9placements\u2026).<\/span><\/p>\n                    <p><span style=\"font-size: 105%; font-family: Antic; color: rgb(0, 0, 0);\">&#8211; pour payer les frais d\u2019h\u00e9bergement.<\/span><\/p>\n                    <p><span style=\"font-size: 105%; font-family: Antic; color: rgb(0, 0, 0);\">Il faut d\u00e9duire de ces montants les \u00e9ventuelles aides per\u00e7ues : aides au logement et APA pour r\u00e9gler ces d\u00e9penses.<\/span><\/p>\n                    <p><span style=\"font-size: 105%; font-family: Antic;\">La r\u00e9duction d\u2019imp\u00f4t maximale s\u2019\u00e9l\u00e8ve \u00e0 2500 \u20ac.<\/span><\/p>\n                    <p>\n                      <u style=\"font-size: 105%; font-family: Antic; color: rgb(22, 39, 211);\">Les contrats de pr\u00e9voyance<\/u>\n                    <\/p>\n                    <p><span style=\"font-size: 105%; font-family: Antic; color: rgb(0, 0, 0);\">Vous avez peut-\u00eatre souscrit une assurance d\u00e9pendance permettant de vous prot\u00e9ger contre le risque de perte d\u2019autonomie et d\u2019anticiper les cons\u00e9quences financi\u00e8res de la d\u00e9pendance. En cas de perte d\u2019autonomie, et en fonction du niveau de d\u00e9pendance constat\u00e9, les contrats pr\u00e9voient le versement d\u2019un capital ou d\u2019une rente viag\u00e8re qui vous aide \u00e0 financer les frais \u00e0 votre charge.<\/span><\/p>\n                  <\/div>\n                <\/div>\n              <\/div>\n            <\/div>\n          <\/div>\n        <\/div>\n      <\/div>\n    <\/div>\n  <\/div>\n<\/div>","protected":false},"excerpt":{"rendered":"<p>&#8220;Les aides&#8221; Allocation personnalis\u00e9e d&#8217;autonomie (APA) L&#8217;APA est destin\u00e9e \u00e0 payer le tarif d\u00e9pendance durant un h\u00e9bergement temporaire et&nbsp;pour une dur\u00e9e maximale de 90 jours par an. Cependant, selon vos revenus, Une participation financi\u00e8re peut \u00eatre laiss\u00e9e \u00e0 votre charge. Lors d\u2019un h\u00e9bergement permanent, l\u2019APA est vers\u00e9e directement \u00e0 l\u2019EHPAD et d\u00e9duite de la facture [&hellip;]<\/p>\n","protected":false},"author":1,"featured_media":0,"parent":0,"menu_order":0,"comment_status":"closed","ping_status":"closed","template":"page-templates\/full-width-page.php","meta":[],"yoast_head":"<!-- This site is optimized with the Yoast SEO plugin v17.5 - https:\/\/yoast.com\/wordpress\/plugins\/seo\/ -->\n<title>Les aides - EHPAD Raymond Poulin<\/title>\n<meta name=\"robots\" content=\"index, follow, max-snippet:-1, max-image-preview:large, max-video-preview:-1\" \/>\n<link rel=\"canonical\" href=\"https:\/\/ehpad-raymondpoulin.com\/?page_id=2216\" \/>\n<meta property=\"og:locale\" content=\"fr_FR\" \/>\n<meta property=\"og:type\" content=\"article\" \/>\n<meta property=\"og:title\" content=\"Les aides - EHPAD Raymond Poulin\" \/>\n<meta property=\"og:description\" content=\"&#8220;Les aides&#8221; Allocation personnalis\u00e9e d&#8217;autonomie (APA) L&#8217;APA est destin\u00e9e \u00e0 payer le tarif d\u00e9pendance durant un h\u00e9bergement temporaire et&nbsp;pour une dur\u00e9e maximale de 90 jours par an. Cependant, selon vos revenus, Une participation financi\u00e8re peut \u00eatre laiss\u00e9e \u00e0 votre charge. Lors d\u2019un h\u00e9bergement permanent, l\u2019APA est vers\u00e9e directement \u00e0 l\u2019EHPAD et d\u00e9duite de la facture [&hellip;]\" \/>\n<meta property=\"og:url\" content=\"https:\/\/ehpad-raymondpoulin.com\/?page_id=2216\" \/>\n<meta property=\"og:site_name\" content=\"EHPAD Raymond Poulin\" \/>\n<meta property=\"article:modified_time\" content=\"2022-01-05T12:49:21+00:00\" \/>\n<meta name=\"twitter:card\" content=\"summary_large_image\" \/>\n<meta name=\"twitter:label1\" content=\"Dur\u00e9e de lecture est.\" \/>\n\t<meta name=\"twitter:data1\" content=\"2 minutes\" \/>\n<script type=\"application\/ld+json\" class=\"yoast-schema-graph\">{\"@context\":\"https:\/\/schema.org\",\"@graph\":[{\"@type\":\"WebSite\",\"@id\":\"http:\/\/ehpad-raymondpoulin.com\/#website\",\"url\":\"http:\/\/ehpad-raymondpoulin.com\/\",\"name\":\"EHPAD Raymond Poulin\",\"description\":\"EHPAD RAYMOND POULIN\",\"potentialAction\":[{\"@type\":\"SearchAction\",\"target\":{\"@type\":\"EntryPoint\",\"urlTemplate\":\"http:\/\/ehpad-raymondpoulin.com\/?s={search_term_string}\"},\"query-input\":\"required name=search_term_string\"}],\"inLanguage\":\"fr-FR\"},{\"@type\":\"WebPage\",\"@id\":\"https:\/\/ehpad-raymondpoulin.com\/?page_id=2216#webpage\",\"url\":\"https:\/\/ehpad-raymondpoulin.com\/?page_id=2216\",\"name\":\"Les aides - EHPAD Raymond Poulin\",\"isPartOf\":{\"@id\":\"http:\/\/ehpad-raymondpoulin.com\/#website\"},\"datePublished\":\"2021-11-19T09:19:49+00:00\",\"dateModified\":\"2022-01-05T12:49:21+00:00\",\"breadcrumb\":{\"@id\":\"https:\/\/ehpad-raymondpoulin.com\/?page_id=2216#breadcrumb\"},\"inLanguage\":\"fr-FR\",\"potentialAction\":[{\"@type\":\"ReadAction\",\"target\":[\"https:\/\/ehpad-raymondpoulin.com\/?page_id=2216\"]}]},{\"@type\":\"BreadcrumbList\",\"@id\":\"https:\/\/ehpad-raymondpoulin.com\/?page_id=2216#breadcrumb\",\"itemListElement\":[{\"@type\":\"ListItem\",\"position\":1,\"name\":\"Accueil\",\"item\":\"http:\/\/ehpad-raymondpoulin.com\/\"},{\"@type\":\"ListItem\",\"position\":2,\"name\":\"Les aides\"}]}]}<\/script>\n<!-- \/ Yoast SEO plugin. -->","yoast_head_json":{"title":"Les aides - EHPAD Raymond Poulin","robots":{"index":"index","follow":"follow","max-snippet":"max-snippet:-1","max-image-preview":"max-image-preview:large","max-video-preview":"max-video-preview:-1"},"canonical":"https:\/\/ehpad-raymondpoulin.com\/?page_id=2216","og_locale":"fr_FR","og_type":"article","og_title":"Les aides - EHPAD Raymond Poulin","og_description":"&#8220;Les aides&#8221; Allocation personnalis\u00e9e d&#8217;autonomie (APA) L&#8217;APA est destin\u00e9e \u00e0 payer le tarif d\u00e9pendance durant un h\u00e9bergement temporaire et&nbsp;pour une dur\u00e9e maximale de 90 jours par an. Cependant, selon vos revenus, Une participation financi\u00e8re peut \u00eatre laiss\u00e9e \u00e0 votre charge. Lors d\u2019un h\u00e9bergement permanent, l\u2019APA est vers\u00e9e directement \u00e0 l\u2019EHPAD et d\u00e9duite de la facture [&hellip;]","og_url":"https:\/\/ehpad-raymondpoulin.com\/?page_id=2216","og_site_name":"EHPAD Raymond Poulin","article_modified_time":"2022-01-05T12:49:21+00:00","twitter_card":"summary_large_image","twitter_misc":{"Dur\u00e9e de lecture est.":"2 minutes"},"schema":{"@context":"https:\/\/schema.org","@graph":[{"@type":"WebSite","@id":"http:\/\/ehpad-raymondpoulin.com\/#website","url":"http:\/\/ehpad-raymondpoulin.com\/","name":"EHPAD Raymond Poulin","description":"EHPAD RAYMOND POULIN","potentialAction":[{"@type":"SearchAction","target":{"@type":"EntryPoint","urlTemplate":"http:\/\/ehpad-raymondpoulin.com\/?s={search_term_string}"},"query-input":"required name=search_term_string"}],"inLanguage":"fr-FR"},{"@type":"WebPage","@id":"https:\/\/ehpad-raymondpoulin.com\/?page_id=2216#webpage","url":"https:\/\/ehpad-raymondpoulin.com\/?page_id=2216","name":"Les aides - EHPAD Raymond Poulin","isPartOf":{"@id":"http:\/\/ehpad-raymondpoulin.com\/#website"},"datePublished":"2021-11-19T09:19:49+00:00","dateModified":"2022-01-05T12:49:21+00:00","breadcrumb":{"@id":"https:\/\/ehpad-raymondpoulin.com\/?page_id=2216#breadcrumb"},"inLanguage":"fr-FR","potentialAction":[{"@type":"ReadAction","target":["https:\/\/ehpad-raymondpoulin.com\/?page_id=2216"]}]},{"@type":"BreadcrumbList","@id":"https:\/\/ehpad-raymondpoulin.com\/?page_id=2216#breadcrumb","itemListElement":[{"@type":"ListItem","position":1,"name":"Accueil","item":"http:\/\/ehpad-raymondpoulin.com\/"},{"@type":"ListItem","position":2,"name":"Les aides"}]}]}},"_links":{"self":[{"href":"https:\/\/ehpad-raymondpoulin.com\/index.php?rest_route=\/wp\/v2\/pages\/2216"}],"collection":[{"href":"https:\/\/ehpad-raymondpoulin.com\/index.php?rest_route=\/wp\/v2\/pages"}],"about":[{"href":"https:\/\/ehpad-raymondpoulin.com\/index.php?rest_route=\/wp\/v2\/types\/page"}],"author":[{"embeddable":true,"href":"https:\/\/ehpad-raymondpoulin.com\/index.php?rest_route=\/wp\/v2\/users\/1"}],"replies":[{"embeddable":true,"href":"https:\/\/ehpad-raymondpoulin.com\/index.php?rest_route=%2Fwp%2Fv2%2Fcomments&post=2216"}],"version-history":[{"count":9,"href":"https:\/\/ehpad-raymondpoulin.com\/index.php?rest_route=\/wp\/v2\/pages\/2216\/revisions"}],"predecessor-version":[{"id":2862,"href":"https:\/\/ehpad-raymondpoulin.com\/index.php?rest_route=\/wp\/v2\/pages\/2216\/revisions\/2862"}],"wp:attachment":[{"href":"https:\/\/ehpad-raymondpoulin.com\/index.php?rest_route=%2Fwp%2Fv2%2Fmedia&parent=2216"}],"curies":[{"name":"wp","href":"https:\/\/api.w.org\/{rel}","templated":true}]}}