{"id":2738,"date":"2021-11-25T16:08:53","date_gmt":"2021-11-25T15:08:53","guid":{"rendered":"http:\/\/ehpad-raymondpoulin.com\/?page_id=2738"},"modified":"2024-03-28T10:02:23","modified_gmt":"2024-03-28T09:02:23","slug":"contacts","status":"publish","type":"page","link":"https:\/\/ehpad-raymondpoulin.com\/?page_id=2738","title":{"rendered":"CONTACTS"},"content":{"rendered":"<div data-colibri-id=\"2738-c1\" class=\"style-765 style-local-2738-c1 position-relative\">\n  <!---->\n  <div data-colibri-component=\"section\" data-colibri-id=\"2738-c2\" id=\"about\" class=\"h-section h-section-global-spacing d-flex align-items-lg-center align-items-md-center align-items-center style-766 style-local-2738-c2 position-relative\">\n    <!---->\n    <!---->\n    <div class=\"h-section-grid-container h-section-boxed-container\">\n      <!---->\n      <div data-colibri-id=\"2738-c3\" class=\"h-row-container gutters-row-lg-0 gutters-row-md-0 gutters-row-0 gutters-row-v-lg-0 gutters-row-v-md-0 gutters-row-v-0 style-767 style-local-2738-c3 position-relative\">\n        <!---->\n        <div class=\"h-row justify-content-lg-center justify-content-md-center justify-content-center align-items-lg-stretch align-items-md-stretch align-items-stretch gutters-col-lg-0 gutters-col-md-0 gutters-col-0 gutters-col-v-lg-0 gutters-col-v-md-0 gutters-col-v-0\">\n          <!---->\n          <div class=\"h-column h-column-container d-flex h-col-lg-auto h-col-md-auto h-col-auto style-768-outer style-local-2738-c4-outer\">\n            <div data-colibri-id=\"2738-c4\" class=\"d-flex h-flex-basis h-column__inner h-px-lg-0 h-px-md-0 h-px-0 v-inner-lg-0 v-inner-md-0 v-inner-0 style-768 style-local-2738-c4 position-relative\">\n              <!---->\n              <!---->\n              <div class=\"w-100 h-y-container h-column__content h-column__v-align flex-basis-100 align-self-lg-start align-self-md-start align-self-start\">\n                <!---->\n                <div data-colibri-id=\"2738-c5\" class=\"h-global-transition-all h-heading style-770 style-local-2738-c5 position-relative h-element\">\n                  <!---->\n                  <div class=\"h-heading__outer style-770 style-local-2738-c5\">\n                    <!---->\n                    <!---->\n                    <h2 class=\"\"><em style=\"font-size: 40%;\">Pr\u00e9sidente de l&#8217;association : <\/em><span style=\"font-size: 40%;\">Mme Antoinette Parayre<br><\/span><em style=\"font-size: 40%;\">Directeur de l&#8217;EHPAD :<\/em><span style=\"font-size: 40%;\"> M. Thomas de Boysson<br><\/span>\n                      <em\n                        style=\"font-size: 40%;\">Responsable des soins :<\/em><span style=\"font-size: 40%;\"> Mme Christine Bettoli<br><\/span><em style=\"font-size: 40%;\">Accueil t\u00e9l\u00e9phonique : <\/em><span style=\"font-size: 40%;\">02 38 79 84 84<\/span><em style=\"font-size: 40%;\"><br>Adresse mail de contact :<\/em>\n                        <span\n                          style=\"font-size: 40%;\"> accueil@ehpad-raymondpoulin.com<\/span>\n                          <br>\n                          <u style=\"font-size: 51%;\">Pour les admissions<\/u><span style=\"font-size: 51%;\"> : (l&#8217;apr\u00e8s-midi)<\/span>\n                          <br><span style=\"font-size: 40%;\">Adresse mail : administratif@ehpad-raymondpoulin.com<br><\/span><\/h2>\n                  <\/div>\n                <\/div>\n              <\/div>\n            <\/div>\n          <\/div>\n        <\/div>\n      <\/div>\n      <div data-colibri-id=\"2738-c6\" class=\"h-row-container gutters-row-lg-2 gutters-row-md-2 gutters-row-0 gutters-row-v-lg-2 gutters-row-v-md-2 gutters-row-v-2 style-773 style-local-2738-c6 position-relative\">\n        <!---->\n        <div class=\"h-row justify-content-lg-center justify-content-md-center justify-content-center align-items-lg-stretch align-items-md-stretch align-items-stretch gutters-col-lg-2 gutters-col-md-2 gutters-col-0 gutters-col-v-lg-2 gutters-col-v-md-2 gutters-col-v-2\">\n          <!---->\n          <div class=\"h-column h-column-container d-flex h-col-lg-auto h-col-md-auto h-col-auto style-774-outer style-local-2738-c7-outer\">\n            <div data-colibri-id=\"2738-c7\" class=\"d-flex h-flex-basis h-column__inner h-ui-empty-state-container h-px-lg-2 h-px-md-2 h-px-2 v-inner-lg-2 v-inner-md-2 v-inner-2 style-774 style-local-2738-c7 position-relative\">\n              <!---->\n              <!---->\n              <div class=\"w-100 h-y-container h-column__content h-column__v-align flex-basis-100\">\n                <!---->\n              <\/div>\n            <\/div>\n          <\/div>\n        <\/div>\n      <\/div>\n    <\/div>\n  <\/div>\n<\/div>","protected":false},"excerpt":{"rendered":"<p>Pr\u00e9sidente de l&#8217;association : Mme Antoinette ParayreDirecteur de l&#8217;EHPAD : M. Thomas de Boysson Responsable des soins : Mme Christine BettoliAccueil t\u00e9l\u00e9phonique : 02 38 79 84 84Adresse mail de contact : accueil@ehpad-raymondpoulin.com Pour les admissions : (l&#8217;apr\u00e8s-midi) Adresse mail : administratif@ehpad-raymondpoulin.com<\/p>\n","protected":false},"author":1,"featured_media":0,"parent":0,"menu_order":0,"comment_status":"closed","ping_status":"closed","template":"page-templates\/full-width-page.php","meta":[],"yoast_head":"<!-- This site is optimized with the Yoast SEO plugin v17.5 - https:\/\/yoast.com\/wordpress\/plugins\/seo\/ -->\n<title>CONTACTS - EHPAD Raymond Poulin<\/title>\n<meta name=\"robots\" content=\"index, follow, max-snippet:-1, max-image-preview:large, max-video-preview:-1\" \/>\n<link rel=\"canonical\" href=\"https:\/\/ehpad-raymondpoulin.com\/?page_id=2738\" \/>\n<meta property=\"og:locale\" content=\"fr_FR\" \/>\n<meta property=\"og:type\" content=\"article\" \/>\n<meta property=\"og:title\" content=\"CONTACTS - EHPAD Raymond Poulin\" \/>\n<meta property=\"og:description\" content=\"Pr\u00e9sidente de l&#8217;association : Mme Antoinette ParayreDirecteur de l&#8217;EHPAD : M. Thomas de Boysson Responsable des soins : Mme Christine BettoliAccueil t\u00e9l\u00e9phonique : 02 38 79 84 84Adresse mail de contact : accueil@ehpad-raymondpoulin.com Pour les admissions : (l&#8217;apr\u00e8s-midi) Adresse mail : administratif@ehpad-raymondpoulin.com\" \/>\n<meta property=\"og:url\" content=\"https:\/\/ehpad-raymondpoulin.com\/?page_id=2738\" \/>\n<meta property=\"og:site_name\" content=\"EHPAD Raymond Poulin\" \/>\n<meta property=\"article:modified_time\" content=\"2024-03-28T09:02:23+00:00\" \/>\n<meta name=\"twitter:card\" content=\"summary_large_image\" \/>\n<script type=\"application\/ld+json\" class=\"yoast-schema-graph\">{\"@context\":\"https:\/\/schema.org\",\"@graph\":[{\"@type\":\"WebSite\",\"@id\":\"http:\/\/ehpad-raymondpoulin.com\/#website\",\"url\":\"http:\/\/ehpad-raymondpoulin.com\/\",\"name\":\"EHPAD Raymond Poulin\",\"description\":\"EHPAD RAYMOND POULIN\",\"potentialAction\":[{\"@type\":\"SearchAction\",\"target\":{\"@type\":\"EntryPoint\",\"urlTemplate\":\"http:\/\/ehpad-raymondpoulin.com\/?s={search_term_string}\"},\"query-input\":\"required name=search_term_string\"}],\"inLanguage\":\"fr-FR\"},{\"@type\":\"WebPage\",\"@id\":\"https:\/\/ehpad-raymondpoulin.com\/?page_id=2738#webpage\",\"url\":\"https:\/\/ehpad-raymondpoulin.com\/?page_id=2738\",\"name\":\"CONTACTS - EHPAD Raymond Poulin\",\"isPartOf\":{\"@id\":\"http:\/\/ehpad-raymondpoulin.com\/#website\"},\"datePublished\":\"2021-11-25T15:08:53+00:00\",\"dateModified\":\"2024-03-28T09:02:23+00:00\",\"breadcrumb\":{\"@id\":\"https:\/\/ehpad-raymondpoulin.com\/?page_id=2738#breadcrumb\"},\"inLanguage\":\"fr-FR\",\"potentialAction\":[{\"@type\":\"ReadAction\",\"target\":[\"https:\/\/ehpad-raymondpoulin.com\/?page_id=2738\"]}]},{\"@type\":\"BreadcrumbList\",\"@id\":\"https:\/\/ehpad-raymondpoulin.com\/?page_id=2738#breadcrumb\",\"itemListElement\":[{\"@type\":\"ListItem\",\"position\":1,\"name\":\"Accueil\",\"item\":\"http:\/\/ehpad-raymondpoulin.com\/\"},{\"@type\":\"ListItem\",\"position\":2,\"name\":\"CONTACTS\"}]}]}<\/script>\n<!-- \/ Yoast SEO plugin. -->","yoast_head_json":{"title":"CONTACTS - EHPAD Raymond Poulin","robots":{"index":"index","follow":"follow","max-snippet":"max-snippet:-1","max-image-preview":"max-image-preview:large","max-video-preview":"max-video-preview:-1"},"canonical":"https:\/\/ehpad-raymondpoulin.com\/?page_id=2738","og_locale":"fr_FR","og_type":"article","og_title":"CONTACTS - EHPAD Raymond Poulin","og_description":"Pr\u00e9sidente de l&#8217;association : Mme Antoinette ParayreDirecteur de l&#8217;EHPAD : M. Thomas de Boysson Responsable des soins : Mme Christine BettoliAccueil t\u00e9l\u00e9phonique : 02 38 79 84 84Adresse mail de contact : accueil@ehpad-raymondpoulin.com Pour les admissions : (l&#8217;apr\u00e8s-midi) Adresse mail : administratif@ehpad-raymondpoulin.com","og_url":"https:\/\/ehpad-raymondpoulin.com\/?page_id=2738","og_site_name":"EHPAD Raymond Poulin","article_modified_time":"2024-03-28T09:02:23+00:00","twitter_card":"summary_large_image","schema":{"@context":"https:\/\/schema.org","@graph":[{"@type":"WebSite","@id":"http:\/\/ehpad-raymondpoulin.com\/#website","url":"http:\/\/ehpad-raymondpoulin.com\/","name":"EHPAD Raymond Poulin","description":"EHPAD RAYMOND POULIN","potentialAction":[{"@type":"SearchAction","target":{"@type":"EntryPoint","urlTemplate":"http:\/\/ehpad-raymondpoulin.com\/?s={search_term_string}"},"query-input":"required name=search_term_string"}],"inLanguage":"fr-FR"},{"@type":"WebPage","@id":"https:\/\/ehpad-raymondpoulin.com\/?page_id=2738#webpage","url":"https:\/\/ehpad-raymondpoulin.com\/?page_id=2738","name":"CONTACTS - EHPAD Raymond Poulin","isPartOf":{"@id":"http:\/\/ehpad-raymondpoulin.com\/#website"},"datePublished":"2021-11-25T15:08:53+00:00","dateModified":"2024-03-28T09:02:23+00:00","breadcrumb":{"@id":"https:\/\/ehpad-raymondpoulin.com\/?page_id=2738#breadcrumb"},"inLanguage":"fr-FR","potentialAction":[{"@type":"ReadAction","target":["https:\/\/ehpad-raymondpoulin.com\/?page_id=2738"]}]},{"@type":"BreadcrumbList","@id":"https:\/\/ehpad-raymondpoulin.com\/?page_id=2738#breadcrumb","itemListElement":[{"@type":"ListItem","position":1,"name":"Accueil","item":"http:\/\/ehpad-raymondpoulin.com\/"},{"@type":"ListItem","position":2,"name":"CONTACTS"}]}]}},"_links":{"self":[{"href":"https:\/\/ehpad-raymondpoulin.com\/index.php?rest_route=\/wp\/v2\/pages\/2738"}],"collection":[{"href":"https:\/\/ehpad-raymondpoulin.com\/index.php?rest_route=\/wp\/v2\/pages"}],"about":[{"href":"https:\/\/ehpad-raymondpoulin.com\/index.php?rest_route=\/wp\/v2\/types\/page"}],"author":[{"embeddable":true,"href":"https:\/\/ehpad-raymondpoulin.com\/index.php?rest_route=\/wp\/v2\/users\/1"}],"replies":[{"embeddable":true,"href":"https:\/\/ehpad-raymondpoulin.com\/index.php?rest_route=%2Fwp%2Fv2%2Fcomments&post=2738"}],"version-history":[{"count":8,"href":"https:\/\/ehpad-raymondpoulin.com\/index.php?rest_route=\/wp\/v2\/pages\/2738\/revisions"}],"predecessor-version":[{"id":2990,"href":"https:\/\/ehpad-raymondpoulin.com\/index.php?rest_route=\/wp\/v2\/pages\/2738\/revisions\/2990"}],"wp:attachment":[{"href":"https:\/\/ehpad-raymondpoulin.com\/index.php?rest_route=%2Fwp%2Fv2%2Fmedia&parent=2738"}],"curies":[{"name":"wp","href":"https:\/\/api.w.org\/{rel}","templated":true}]}}