{"id":40,"date":"2020-07-08T14:45:30","date_gmt":"2020-07-08T12:45:30","guid":{"rendered":"http:\/\/ehpad-raymondpoulin.com\/?page_id=40"},"modified":"2024-01-05T11:41:46","modified_gmt":"2024-01-05T10:41:46","slug":"contact","status":"publish","type":"page","link":"https:\/\/ehpad-raymondpoulin.com\/?page_id=40","title":{"rendered":"Contact"},"content":{"rendered":"<div data-colibri-id=\"40-c1\" class=\"style-309 style-local-40-c1 position-relative\">\n  <!---->\n  <div data-colibri-component=\"section\" data-colibri-id=\"40-c2\" id=\"custom\" class=\"h-section h-section-global-spacing d-flex align-items-lg-center align-items-md-center align-items-center style-467 style-local-40-c2 position-relative\">\n    <!---->\n    <!---->\n    <div class=\"h-section-grid-container h-section-boxed-container\">\n      <!---->\n      <div data-colibri-id=\"40-c3\" class=\"h-row-container gutters-row-lg-2 gutters-row-md-2 gutters-row-0 gutters-row-v-lg-2 gutters-row-v-md-2 gutters-row-v-2 style-468 style-local-40-c3 position-relative\">\n        <!---->\n        <div class=\"h-row justify-content-lg-center justify-content-md-center justify-content-center align-items-lg-stretch align-items-md-stretch align-items-stretch gutters-col-lg-2 gutters-col-md-2 gutters-col-0 gutters-col-v-lg-2 gutters-col-v-md-2 gutters-col-v-2\">\n          <!---->\n          <div class=\"h-column h-column-container d-flex h-col-lg-auto h-col-md-auto h-col-auto style-469-outer style-local-40-c4-outer\">\n            <div data-colibri-id=\"40-c4\" class=\"d-flex h-flex-basis h-column__inner h-px-lg-2 h-px-md-2 h-px-2 v-inner-lg-2 v-inner-md-2 v-inner-2 style-469 style-local-40-c4 position-relative\">\n              <!---->\n              <!---->\n              <div class=\"w-100 h-y-container h-column__content h-column__v-align flex-basis-100 align-self-lg-start align-self-md-start align-self-start\">\n                <!---->\n                <div data-colibri-id=\"40-c5\" class=\"h-text h-text-component style-471 style-local-40-c5 position-relative h-element\">\n                  <!---->\n                  <!---->\n                  <div class=\"\">\n                    <p><span style=\"color: black; font-family: Antic; font-size: 105%;\">L\u2019EHPAD Raymond Poulin est situ\u00e9 pr\u00e8s du centre-ville de Saint Jean de la Ruelle, \u00e0 moins de 500m de la Mairie, la Poste, l\u2019\u00e9glise et les commerces.<\/span><\/p>\n                    <p><span style=\"color: black; font-family: Antic; font-size: 105%;\">La gare d\u2019Orl\u00e9ans se trouve \u00e0 20 minutes en bus, vous pouvez la rejoindre avec la ligne de bus TAO n\u00b03 qui vous d\u00e9pose rue Charles Beauhaire.<\/span><\/p>\n                    <p><span style=\"color: black; font-family: Antic; font-size: 105%;\">Bus n\u00b03 \u2013 Arr\u00eat \u00ab&nbsp;Clos de la Jeunette&nbsp;\u00bb<\/span><\/p>\n                    <p><span style=\"color: black; font-family: Antic; font-size: 105%;\">Bus n\u00b04 \u2013 Arr\u00eat \u00ab&nbsp;Vieux Bourg&nbsp;\u00bb<\/span><\/p>\n                    <p><span style=\"color: black; font-family: Antic; font-size: 105%;\">La tangentielle se trouve \u00e0 400 m\u00e8tres de l\u2019EHPAD.<\/span><\/p>\n                    <p><em style=\"color: black; font-family: Antic; font-size: 105%;\">Adresse postale&nbsp;<\/em><span style=\"color: black; font-family: Antic; font-size: 105%;\">: 9 rue du Vieux Bourg&nbsp;45140 Saint Jean de la Ruelle<\/span><\/p>\n                    <p><em style=\"color: black; font-family: Antic; font-size: 105%;\">Adresse visiteurs<\/em><span style=\"color: black; font-family: Antic; font-size: 105%;\">&nbsp;: Place Edith Piaf 45140 Saint Jean de la Ruelle<\/span><\/p>\n                    <p>\n                      <br>\n                    <\/p>\n                  <\/div>\n                <\/div>\n                <div data-colibri-id=\"40-c6\" data-aos=\"fadeIn\" class=\"d-block style-470 style-local-40-c6 position-relative h-element\">\n                  <!---->\n                  <div class=\"h-image__frame-container-outer\">\n                    <a href=\"https:\/\/www.google.com\/maps\/place\/Pl.+Edith+Piaf,+45140+Saint-Jean-de-la-Ruelle\/@47.9160751,1.8715469,17z\/data=!4m13!1m7!3m6!1s0x47e4fab0bc6bf42b:0xb310bdc6e365f98f!2sPl.+Edith+Piaf,+45140+Saint-Jean-de-la-Ruelle!3b1!8m2!3d47.9157659!4d1.871563!3m4!1s0x47e4fab0bc6bf42b:0xb310bdc6e365f98f!8m2!3d47.9157659!4d1.871563!5m1!1e3\"\n                      data-fancybox=\"section-group-bJ1XasizE55uL9vzM3Z2i2\" h-use-smooth-scroll=\"true\" class=\"image-link\">\n                      <div class=\"h-image__frame-container\">\n                        <!---->\n                        <!---->\n                        <img loading=\"lazy\" width=\"584\" height=\"363\" src=\"http:\/\/ehpad-raymondpoulin.com\/wp-content\/uploads\/2021\/11\/Capture-de\u0301cran-2021-11-17-a\u0300-12.12.17.png\" class=\"wp-image-1779 style-470-image style-local-40-c6-image\" srcset=\"https:\/\/ehpad-raymondpoulin.com\/wp-content\/uploads\/2021\/11\/Capture-de\u0301cran-2021-11-17-a\u0300-12.12.17.png 584w, https:\/\/ehpad-raymondpoulin.com\/wp-content\/uploads\/2021\/11\/Capture-de\u0301cran-2021-11-17-a\u0300-12.12.17-300x186.png 300w\" sizes=\"(max-width: 584px) 100vw, 584px\" alt=\"\" \/>\n                        <div class=\"h-image__frame h-hide-lg h-hide-md h-hide-sm style-470-frameImage style-local-40-c6-frameImage\"><\/div>\n                      <\/div>\n                    <\/a>\n                  <\/div>\n                <\/div>\n              <\/div>\n            <\/div>\n          <\/div>\n        <\/div>\n      <\/div>\n      <div data-colibri-id=\"40-c7\" class=\"h-row-container gutters-row-lg-0 gutters-row-md-0 gutters-row-0 gutters-row-v-lg-0 gutters-row-v-md-0 gutters-row-v-0 style-638 style-local-40-c7 position-relative\">\n        <!---->\n        <div class=\"h-row justify-content-lg-center justify-content-md-center justify-content-center align-items-lg-stretch align-items-md-stretch align-items-stretch gutters-col-lg-0 gutters-col-md-0 gutters-col-0 gutters-col-v-lg-0 gutters-col-v-md-0 gutters-col-v-0\">\n          <!---->\n          <div class=\"h-column h-column-container d-flex h-col-lg-auto h-col-md-auto h-col-auto style-639-outer style-local-40-c8-outer\">\n            <div data-colibri-id=\"40-c8\" class=\"d-flex h-flex-basis h-column__inner h-px-lg-0 h-px-md-0 h-px-0 v-inner-lg-0 v-inner-md-0 v-inner-0 style-639 style-local-40-c8 position-relative\">\n              <!---->\n              <!---->\n              <div class=\"w-100 h-y-container h-column__content h-column__v-align flex-basis-100 align-self-lg-start align-self-md-start align-self-start\">\n                <!---->\n                <div data-colibri-id=\"40-c9\" class=\"h-divider style-635 style-local-40-c9 position-relative h-element\">\n                  <!----><span class=\"h-divider__line style-635-line style-local-40-c9-line style-635-line style-local-40-c9-line\"><\/span><\/div>\n              <\/div>\n            <\/div>\n          <\/div>\n        <\/div>\n      <\/div>\n      <div data-colibri-id=\"40-c10\" class=\"h-row-container gutters-row-lg-2 gutters-row-md-2 gutters-row-0 gutters-row-v-lg-2 gutters-row-v-md-2 gutters-row-v-2 style-472 style-local-40-c10 position-relative\">\n        <!---->\n        <div class=\"h-row justify-content-lg-center justify-content-md-center justify-content-center align-items-lg-stretch align-items-md-stretch align-items-stretch gutters-col-lg-2 gutters-col-md-2 gutters-col-0 gutters-col-v-lg-2 gutters-col-v-md-2 gutters-col-v-2\">\n          <!---->\n          <div class=\"h-column h-column-container d-flex h-col-lg-auto h-col-md-auto h-col-auto style-473-outer style-local-40-c11-outer\">\n            <div data-colibri-id=\"40-c11\" class=\"d-flex h-flex-basis h-column__inner h-px-lg-2 h-px-md-2 h-px-2 v-inner-lg-2 v-inner-md-2 v-inner-2 style-473 style-local-40-c11 position-relative\">\n              <!---->\n              <!---->\n              <div class=\"w-100 h-y-container h-column__content h-column__v-align flex-basis-100 align-self-lg-start align-self-md-start align-self-start\">\n                <!---->\n                <div data-colibri-id=\"40-c12\" class=\"h-text h-text-component style-474 style-local-40-c12 position-relative h-element\">\n                  <!---->\n                  <!---->\n                  <div class=\"\">\n                    <p>NOUS CONTACTER\n                      <br>\n                    <\/p>\n                  <\/div>\n                <\/div>\n              <\/div>\n            <\/div>\n          <\/div>\n        <\/div>\n      <\/div>\n    <\/div>\n  <\/div>\n<\/div>","protected":false},"excerpt":{"rendered":"<p>L\u2019EHPAD Raymond Poulin est situ\u00e9 pr\u00e8s du centre-ville de Saint Jean de la Ruelle, \u00e0 moins de 500m de la Mairie, la Poste, l\u2019\u00e9glise et les commerces. La gare d\u2019Orl\u00e9ans se trouve \u00e0 20 minutes en bus, vous pouvez la rejoindre avec la ligne de bus TAO n\u00b03 qui vous d\u00e9pose rue Charles Beauhaire. Bus [&hellip;]<\/p>\n","protected":false},"author":1,"featured_media":0,"parent":0,"menu_order":0,"comment_status":"closed","ping_status":"closed","template":"page-templates\/full-width-page.php","meta":[],"yoast_head":"<!-- This site is optimized with the Yoast SEO plugin v17.5 - https:\/\/yoast.com\/wordpress\/plugins\/seo\/ -->\n<title>Contact - EHPAD Raymond Poulin<\/title>\n<meta name=\"robots\" content=\"index, follow, max-snippet:-1, max-image-preview:large, max-video-preview:-1\" \/>\n<link rel=\"canonical\" href=\"https:\/\/ehpad-raymondpoulin.com\/?page_id=40\" \/>\n<meta property=\"og:locale\" content=\"fr_FR\" \/>\n<meta property=\"og:type\" content=\"article\" \/>\n<meta property=\"og:title\" content=\"Contact - EHPAD Raymond Poulin\" \/>\n<meta property=\"og:description\" content=\"L\u2019EHPAD Raymond Poulin est situ\u00e9 pr\u00e8s du centre-ville de Saint Jean de la Ruelle, \u00e0 moins de 500m de la Mairie, la Poste, l\u2019\u00e9glise et les commerces. La gare d\u2019Orl\u00e9ans se trouve \u00e0 20 minutes en bus, vous pouvez la rejoindre avec la ligne de bus TAO n\u00b03 qui vous d\u00e9pose rue Charles Beauhaire. Bus [&hellip;]\" \/>\n<meta property=\"og:url\" content=\"https:\/\/ehpad-raymondpoulin.com\/?page_id=40\" \/>\n<meta property=\"og:site_name\" content=\"EHPAD Raymond Poulin\" \/>\n<meta property=\"article:modified_time\" content=\"2024-01-05T10:41:46+00:00\" \/>\n<meta property=\"og:image\" content=\"http:\/\/ehpad-raymondpoulin.com\/wp-content\/uploads\/2021\/11\/Capture-de\u0301cran-2021-11-17-a\u0300-12.12.17.png\" \/>\n<meta name=\"twitter:card\" content=\"summary_large_image\" \/>\n<meta name=\"twitter:label1\" content=\"Dur\u00e9e de lecture est.\" \/>\n\t<meta name=\"twitter:data1\" content=\"1 minute\" \/>\n<script type=\"application\/ld+json\" class=\"yoast-schema-graph\">{\"@context\":\"https:\/\/schema.org\",\"@graph\":[{\"@type\":\"WebSite\",\"@id\":\"http:\/\/ehpad-raymondpoulin.com\/#website\",\"url\":\"http:\/\/ehpad-raymondpoulin.com\/\",\"name\":\"EHPAD Raymond Poulin\",\"description\":\"EHPAD RAYMOND POULIN\",\"potentialAction\":[{\"@type\":\"SearchAction\",\"target\":{\"@type\":\"EntryPoint\",\"urlTemplate\":\"http:\/\/ehpad-raymondpoulin.com\/?s={search_term_string}\"},\"query-input\":\"required name=search_term_string\"}],\"inLanguage\":\"fr-FR\"},{\"@type\":\"ImageObject\",\"@id\":\"https:\/\/ehpad-raymondpoulin.com\/?page_id=40#primaryimage\",\"inLanguage\":\"fr-FR\",\"url\":\"http:\/\/ehpad-raymondpoulin.com\/wp-content\/uploads\/2021\/11\/Capture-de\\u0301cran-2021-11-17-a\\u0300-12.12.17.png\",\"contentUrl\":\"http:\/\/ehpad-raymondpoulin.com\/wp-content\/uploads\/2021\/11\/Capture-de\\u0301cran-2021-11-17-a\\u0300-12.12.17.png\"},{\"@type\":\"WebPage\",\"@id\":\"https:\/\/ehpad-raymondpoulin.com\/?page_id=40#webpage\",\"url\":\"https:\/\/ehpad-raymondpoulin.com\/?page_id=40\",\"name\":\"Contact - EHPAD Raymond Poulin\",\"isPartOf\":{\"@id\":\"http:\/\/ehpad-raymondpoulin.com\/#website\"},\"primaryImageOfPage\":{\"@id\":\"https:\/\/ehpad-raymondpoulin.com\/?page_id=40#primaryimage\"},\"datePublished\":\"2020-07-08T12:45:30+00:00\",\"dateModified\":\"2024-01-05T10:41:46+00:00\",\"breadcrumb\":{\"@id\":\"https:\/\/ehpad-raymondpoulin.com\/?page_id=40#breadcrumb\"},\"inLanguage\":\"fr-FR\",\"potentialAction\":[{\"@type\":\"ReadAction\",\"target\":[\"https:\/\/ehpad-raymondpoulin.com\/?page_id=40\"]}]},{\"@type\":\"BreadcrumbList\",\"@id\":\"https:\/\/ehpad-raymondpoulin.com\/?page_id=40#breadcrumb\",\"itemListElement\":[{\"@type\":\"ListItem\",\"position\":1,\"name\":\"Accueil\",\"item\":\"http:\/\/ehpad-raymondpoulin.com\/\"},{\"@type\":\"ListItem\",\"position\":2,\"name\":\"Contact\"}]}]}<\/script>\n<!-- \/ Yoast SEO plugin. -->","yoast_head_json":{"title":"Contact - EHPAD Raymond Poulin","robots":{"index":"index","follow":"follow","max-snippet":"max-snippet:-1","max-image-preview":"max-image-preview:large","max-video-preview":"max-video-preview:-1"},"canonical":"https:\/\/ehpad-raymondpoulin.com\/?page_id=40","og_locale":"fr_FR","og_type":"article","og_title":"Contact - EHPAD Raymond Poulin","og_description":"L\u2019EHPAD Raymond Poulin est situ\u00e9 pr\u00e8s du centre-ville de Saint Jean de la Ruelle, \u00e0 moins de 500m de la Mairie, la Poste, l\u2019\u00e9glise et les commerces. La gare d\u2019Orl\u00e9ans se trouve \u00e0 20 minutes en bus, vous pouvez la rejoindre avec la ligne de bus TAO n\u00b03 qui vous d\u00e9pose rue Charles Beauhaire. Bus [&hellip;]","og_url":"https:\/\/ehpad-raymondpoulin.com\/?page_id=40","og_site_name":"EHPAD Raymond Poulin","article_modified_time":"2024-01-05T10:41:46+00:00","og_image":[{"url":"http:\/\/ehpad-raymondpoulin.com\/wp-content\/uploads\/2021\/11\/Capture-de\u0301cran-2021-11-17-a\u0300-12.12.17.png"}],"twitter_card":"summary_large_image","twitter_misc":{"Dur\u00e9e de lecture est.":"1 minute"},"schema":{"@context":"https:\/\/schema.org","@graph":[{"@type":"WebSite","@id":"http:\/\/ehpad-raymondpoulin.com\/#website","url":"http:\/\/ehpad-raymondpoulin.com\/","name":"EHPAD Raymond Poulin","description":"EHPAD RAYMOND POULIN","potentialAction":[{"@type":"SearchAction","target":{"@type":"EntryPoint","urlTemplate":"http:\/\/ehpad-raymondpoulin.com\/?s={search_term_string}"},"query-input":"required name=search_term_string"}],"inLanguage":"fr-FR"},{"@type":"ImageObject","@id":"https:\/\/ehpad-raymondpoulin.com\/?page_id=40#primaryimage","inLanguage":"fr-FR","url":"http:\/\/ehpad-raymondpoulin.com\/wp-content\/uploads\/2021\/11\/Capture-de\u0301cran-2021-11-17-a\u0300-12.12.17.png","contentUrl":"http:\/\/ehpad-raymondpoulin.com\/wp-content\/uploads\/2021\/11\/Capture-de\u0301cran-2021-11-17-a\u0300-12.12.17.png"},{"@type":"WebPage","@id":"https:\/\/ehpad-raymondpoulin.com\/?page_id=40#webpage","url":"https:\/\/ehpad-raymondpoulin.com\/?page_id=40","name":"Contact - EHPAD Raymond Poulin","isPartOf":{"@id":"http:\/\/ehpad-raymondpoulin.com\/#website"},"primaryImageOfPage":{"@id":"https:\/\/ehpad-raymondpoulin.com\/?page_id=40#primaryimage"},"datePublished":"2020-07-08T12:45:30+00:00","dateModified":"2024-01-05T10:41:46+00:00","breadcrumb":{"@id":"https:\/\/ehpad-raymondpoulin.com\/?page_id=40#breadcrumb"},"inLanguage":"fr-FR","potentialAction":[{"@type":"ReadAction","target":["https:\/\/ehpad-raymondpoulin.com\/?page_id=40"]}]},{"@type":"BreadcrumbList","@id":"https:\/\/ehpad-raymondpoulin.com\/?page_id=40#breadcrumb","itemListElement":[{"@type":"ListItem","position":1,"name":"Accueil","item":"http:\/\/ehpad-raymondpoulin.com\/"},{"@type":"ListItem","position":2,"name":"Contact"}]}]}},"_links":{"self":[{"href":"https:\/\/ehpad-raymondpoulin.com\/index.php?rest_route=\/wp\/v2\/pages\/40"}],"collection":[{"href":"https:\/\/ehpad-raymondpoulin.com\/index.php?rest_route=\/wp\/v2\/pages"}],"about":[{"href":"https:\/\/ehpad-raymondpoulin.com\/index.php?rest_route=\/wp\/v2\/types\/page"}],"author":[{"embeddable":true,"href":"https:\/\/ehpad-raymondpoulin.com\/index.php?rest_route=\/wp\/v2\/users\/1"}],"replies":[{"embeddable":true,"href":"https:\/\/ehpad-raymondpoulin.com\/index.php?rest_route=%2Fwp%2Fv2%2Fcomments&post=40"}],"version-history":[{"count":21,"href":"https:\/\/ehpad-raymondpoulin.com\/index.php?rest_route=\/wp\/v2\/pages\/40\/revisions"}],"predecessor-version":[{"id":2961,"href":"https:\/\/ehpad-raymondpoulin.com\/index.php?rest_route=\/wp\/v2\/pages\/40\/revisions\/2961"}],"wp:attachment":[{"href":"https:\/\/ehpad-raymondpoulin.com\/index.php?rest_route=%2Fwp%2Fv2%2Fmedia&parent=40"}],"curies":[{"name":"wp","href":"https:\/\/api.w.org\/{rel}","templated":true}]}}