{"id":42,"date":"2020-07-08T14:46:05","date_gmt":"2020-07-08T12:46:05","guid":{"rendered":"http:\/\/ehpad-raymondpoulin.com\/?page_id=42"},"modified":"2025-10-01T08:59:00","modified_gmt":"2025-10-01T06:59:00","slug":"documents","status":"publish","type":"page","link":"https:\/\/ehpad-raymondpoulin.com\/?page_id=42","title":{"rendered":"Documents"},"content":{"rendered":"<div data-colibri-id=\"42-c1\" class=\"style-778 style-local-42-c1 position-relative\">\n  <!---->\n  <div data-colibri-component=\"section\" data-colibri-id=\"42-c2\" id=\"initial-content\" class=\"h-section h-section-global-spacing d-flex align-items-lg-center align-items-md-center align-items-center style-779 style-local-42-c2 position-relative\">\n    <!---->\n    <!---->\n    <div class=\"h-section-grid-container h-section-boxed-container\">\n      <!---->\n      <div data-colibri-id=\"42-c3\" class=\"h-row-container gutters-row-lg-2 gutters-row-md-2 gutters-row-0 gutters-row-v-lg-2 gutters-row-v-md-2 gutters-row-v-2 style-780 style-local-42-c3 position-relative\">\n        <!---->\n        <div class=\"h-row justify-content-lg-center justify-content-md-center justify-content-center align-items-lg-stretch align-items-md-stretch align-items-stretch gutters-col-lg-2 gutters-col-md-2 gutters-col-0 gutters-col-v-lg-2 gutters-col-v-md-2 gutters-col-v-2\">\n          <!---->\n          <div class=\"h-column h-column-container d-flex h-col-lg-auto h-col-md-auto h-col-auto style-781-outer style-local-42-c4-outer\">\n            <div data-colibri-id=\"42-c4\" class=\"d-flex h-flex-basis h-column__inner h-ui-empty-state-container h-px-lg-2 h-px-md-2 h-px-2 v-inner-lg-2 v-inner-md-2 v-inner-2 style-781 style-local-42-c4 position-relative\">\n              <!---->\n              <!---->\n              <div class=\"w-100 h-y-container h-column__content h-column__v-align flex-basis-100\">\n                <!---->\n              <\/div>\n            <\/div>\n          <\/div>\n        <\/div>\n      <\/div>\n    <\/div>\n  <\/div>\n  <div data-colibri-component=\"section\" data-colibri-id=\"42-c5\" id=\"custom\" class=\"h-section h-section-global-spacing d-flex align-items-lg-center align-items-md-center align-items-center style-783 style-local-42-c5 position-relative\">\n    <!---->\n    <!---->\n    <div class=\"h-section-grid-container h-section-boxed-container\">\n      <!---->\n      <div data-colibri-id=\"42-c6\" class=\"h-row-container gutters-row-lg-2 gutters-row-md-2 gutters-row-0 gutters-row-v-lg-2 gutters-row-v-md-2 gutters-row-v-2 style-793 style-local-42-c6 position-relative\">\n        <!---->\n        <div class=\"h-row justify-content-lg-center justify-content-md-center justify-content-center align-items-lg-stretch align-items-md-stretch align-items-stretch gutters-col-lg-2 gutters-col-md-2 gutters-col-0 gutters-col-v-lg-2 gutters-col-v-md-2 gutters-col-v-2\">\n          <!---->\n          <div class=\"h-column h-column-container d-flex h-col-lg-auto h-col-md-auto h-col-auto style-794-outer style-local-42-c7-outer\">\n            <div data-colibri-id=\"42-c7\" class=\"d-flex h-flex-basis h-column__inner h-px-lg-2 h-px-md-2 h-px-2 v-inner-lg-2 v-inner-md-2 v-inner-2 style-794 style-local-42-c7 position-relative\">\n              <!---->\n              <!---->\n              <div class=\"w-100 h-y-container h-column__content h-column__v-align flex-basis-100 align-self-lg-start align-self-md-start align-self-start\">\n                <!---->\n                <div data-colibri-id=\"42-c8\" class=\"h-text h-text-component style-788 style-local-42-c8 position-relative h-element\">\n                  <!---->\n                  <!---->\n                  <div class=\"\">\n                    <p>\n                      <br>\n                    <\/p>\n                    <p>\n                      <a href=\"https:\/\/ehpad-raymondpoulin.com\/wp-content\/uploads\/2024\/03\/ERP_RES_DOSSIER-ACCUEIL_Livret-accueil-2024.pdf\" class=\"customize-unpreviewable\">Consultez le livret d&#8217;accueil<\/a>\n                    <\/p>\n                    <p>\n                      <a href=\"https:\/\/trajectoire.sante-ra.fr\/GrandAge\/Pages\/Public\/Accueil.aspx\" target=\"_blank\" class=\"customize-unpreviewable\" rel=\"noopener\">Lien vers Viatrajectoire &#8211; demande d&#8217;admission en ligne<\/a>\n                    <\/p>\n                    <p>\n                      <a href=\"https:\/\/www.has-sante.fr\/jcms\/7367_FicheESSMS\/fr\/ehpad-raymond-poulin\" class=\"customize-unpreviewable\">Lien vers le Rapport d&#8217;\u00e9valuation HAS de janvier 2025 (Qualiscope)<\/a>\n                    <\/p>\n                    <p>\n                      <a href=\"https:\/\/ehpad-raymondpoulin.com\/wp-content\/uploads\/2025\/10\/ERP_GRH_ANALRH_2024_Index-egalite-professionnelle-Declaration-dindex-Egapro-2025-02-26.pdf\" class=\"customize-unpreviewable\">Index \u00e9galit\u00e9 2025<\/a>\n                    <\/p>\n                    <p>\n                      <br>\n                    <\/p>\n                  <\/div>\n                <\/div>\n              <\/div>\n            <\/div>\n          <\/div>\n        <\/div>\n      <\/div>\n    <\/div>\n  <\/div>\n<\/div>","protected":false},"excerpt":{"rendered":"<p>Consultez le livret d&#8217;accueil Lien vers Viatrajectoire &#8211; demande d&#8217;admission en ligne Lien vers le Rapport d&#8217;\u00e9valuation HAS de janvier 2025 (Qualiscope) Index \u00e9galit\u00e9 2025<\/p>\n","protected":false},"author":1,"featured_media":0,"parent":0,"menu_order":0,"comment_status":"closed","ping_status":"closed","template":"page-templates\/full-width-page.php","meta":[],"yoast_head":"<!-- This site is optimized with the Yoast SEO plugin v17.5 - https:\/\/yoast.com\/wordpress\/plugins\/seo\/ -->\n<title>Documents - EHPAD Raymond Poulin<\/title>\n<meta name=\"robots\" content=\"index, follow, max-snippet:-1, max-image-preview:large, max-video-preview:-1\" \/>\n<link rel=\"canonical\" href=\"http:\/\/ehpad-raymondpoulin.com\/?page_id=42\" \/>\n<meta property=\"og:locale\" content=\"fr_FR\" \/>\n<meta property=\"og:type\" content=\"article\" \/>\n<meta property=\"og:title\" content=\"Documents - EHPAD Raymond Poulin\" \/>\n<meta property=\"og:description\" content=\"Consultez le livret d&#8217;accueil Lien vers Viatrajectoire &#8211; demande d&#8217;admission en ligne Lien vers le Rapport d&#8217;\u00e9valuation HAS de janvier 2025 (Qualiscope) Index \u00e9galit\u00e9 2025\" \/>\n<meta property=\"og:url\" content=\"http:\/\/ehpad-raymondpoulin.com\/?page_id=42\" \/>\n<meta property=\"og:site_name\" content=\"EHPAD Raymond Poulin\" \/>\n<meta property=\"article:modified_time\" content=\"2025-10-01T06:59:00+00:00\" \/>\n<meta name=\"twitter:card\" content=\"summary_large_image\" \/>\n<script type=\"application\/ld+json\" class=\"yoast-schema-graph\">{\"@context\":\"https:\/\/schema.org\",\"@graph\":[{\"@type\":\"WebSite\",\"@id\":\"http:\/\/ehpad-raymondpoulin.com\/#website\",\"url\":\"http:\/\/ehpad-raymondpoulin.com\/\",\"name\":\"EHPAD Raymond Poulin\",\"description\":\"EHPAD RAYMOND POULIN\",\"potentialAction\":[{\"@type\":\"SearchAction\",\"target\":{\"@type\":\"EntryPoint\",\"urlTemplate\":\"http:\/\/ehpad-raymondpoulin.com\/?s={search_term_string}\"},\"query-input\":\"required name=search_term_string\"}],\"inLanguage\":\"fr-FR\"},{\"@type\":\"WebPage\",\"@id\":\"http:\/\/ehpad-raymondpoulin.com\/?page_id=42#webpage\",\"url\":\"http:\/\/ehpad-raymondpoulin.com\/?page_id=42\",\"name\":\"Documents - EHPAD Raymond Poulin\",\"isPartOf\":{\"@id\":\"http:\/\/ehpad-raymondpoulin.com\/#website\"},\"datePublished\":\"2020-07-08T12:46:05+00:00\",\"dateModified\":\"2025-10-01T06:59:00+00:00\",\"breadcrumb\":{\"@id\":\"http:\/\/ehpad-raymondpoulin.com\/?page_id=42#breadcrumb\"},\"inLanguage\":\"fr-FR\",\"potentialAction\":[{\"@type\":\"ReadAction\",\"target\":[\"http:\/\/ehpad-raymondpoulin.com\/?page_id=42\"]}]},{\"@type\":\"BreadcrumbList\",\"@id\":\"http:\/\/ehpad-raymondpoulin.com\/?page_id=42#breadcrumb\",\"itemListElement\":[{\"@type\":\"ListItem\",\"position\":1,\"name\":\"Accueil\",\"item\":\"http:\/\/ehpad-raymondpoulin.com\/\"},{\"@type\":\"ListItem\",\"position\":2,\"name\":\"Documents\"}]}]}<\/script>\n<!-- \/ Yoast SEO plugin. -->","yoast_head_json":{"title":"Documents - EHPAD Raymond Poulin","robots":{"index":"index","follow":"follow","max-snippet":"max-snippet:-1","max-image-preview":"max-image-preview:large","max-video-preview":"max-video-preview:-1"},"canonical":"http:\/\/ehpad-raymondpoulin.com\/?page_id=42","og_locale":"fr_FR","og_type":"article","og_title":"Documents - EHPAD Raymond Poulin","og_description":"Consultez le livret d&#8217;accueil Lien vers Viatrajectoire &#8211; demande d&#8217;admission en ligne Lien vers le Rapport d&#8217;\u00e9valuation HAS de janvier 2025 (Qualiscope) Index \u00e9galit\u00e9 2025","og_url":"http:\/\/ehpad-raymondpoulin.com\/?page_id=42","og_site_name":"EHPAD Raymond Poulin","article_modified_time":"2025-10-01T06:59:00+00:00","twitter_card":"summary_large_image","schema":{"@context":"https:\/\/schema.org","@graph":[{"@type":"WebSite","@id":"http:\/\/ehpad-raymondpoulin.com\/#website","url":"http:\/\/ehpad-raymondpoulin.com\/","name":"EHPAD Raymond Poulin","description":"EHPAD RAYMOND POULIN","potentialAction":[{"@type":"SearchAction","target":{"@type":"EntryPoint","urlTemplate":"http:\/\/ehpad-raymondpoulin.com\/?s={search_term_string}"},"query-input":"required name=search_term_string"}],"inLanguage":"fr-FR"},{"@type":"WebPage","@id":"http:\/\/ehpad-raymondpoulin.com\/?page_id=42#webpage","url":"http:\/\/ehpad-raymondpoulin.com\/?page_id=42","name":"Documents - EHPAD Raymond Poulin","isPartOf":{"@id":"http:\/\/ehpad-raymondpoulin.com\/#website"},"datePublished":"2020-07-08T12:46:05+00:00","dateModified":"2025-10-01T06:59:00+00:00","breadcrumb":{"@id":"http:\/\/ehpad-raymondpoulin.com\/?page_id=42#breadcrumb"},"inLanguage":"fr-FR","potentialAction":[{"@type":"ReadAction","target":["http:\/\/ehpad-raymondpoulin.com\/?page_id=42"]}]},{"@type":"BreadcrumbList","@id":"http:\/\/ehpad-raymondpoulin.com\/?page_id=42#breadcrumb","itemListElement":[{"@type":"ListItem","position":1,"name":"Accueil","item":"http:\/\/ehpad-raymondpoulin.com\/"},{"@type":"ListItem","position":2,"name":"Documents"}]}]}},"_links":{"self":[{"href":"https:\/\/ehpad-raymondpoulin.com\/index.php?rest_route=\/wp\/v2\/pages\/42"}],"collection":[{"href":"https:\/\/ehpad-raymondpoulin.com\/index.php?rest_route=\/wp\/v2\/pages"}],"about":[{"href":"https:\/\/ehpad-raymondpoulin.com\/index.php?rest_route=\/wp\/v2\/types\/page"}],"author":[{"embeddable":true,"href":"https:\/\/ehpad-raymondpoulin.com\/index.php?rest_route=\/wp\/v2\/users\/1"}],"replies":[{"embeddable":true,"href":"https:\/\/ehpad-raymondpoulin.com\/index.php?rest_route=%2Fwp%2Fv2%2Fcomments&post=42"}],"version-history":[{"count":17,"href":"https:\/\/ehpad-raymondpoulin.com\/index.php?rest_route=\/wp\/v2\/pages\/42\/revisions"}],"predecessor-version":[{"id":3039,"href":"https:\/\/ehpad-raymondpoulin.com\/index.php?rest_route=\/wp\/v2\/pages\/42\/revisions\/3039"}],"wp:attachment":[{"href":"https:\/\/ehpad-raymondpoulin.com\/index.php?rest_route=%2Fwp%2Fv2%2Fmedia&parent=42"}],"curies":[{"name":"wp","href":"https:\/\/api.w.org\/{rel}","templated":true}]}}