{"id":85,"date":"2020-07-10T09:32:04","date_gmt":"2020-07-10T07:32:04","guid":{"rendered":"http:\/\/ehpad-raymondpoulin.com\/?page_id=85"},"modified":"2026-01-08T14:10:25","modified_gmt":"2026-01-08T13:10:25","slug":"tarifs","status":"publish","type":"page","link":"https:\/\/ehpad-raymondpoulin.com\/?page_id=85","title":{"rendered":"Tarifs"},"content":{"rendered":"<div data-colibri-id=\"85-c1\" class=\"style-272 style-local-85-c1 position-relative\">\n  <!---->\n  <div data-colibri-component=\"section\" data-colibri-id=\"85-c2\" id=\"about\" class=\"h-section h-section-global-spacing d-flex align-items-lg-center align-items-md-center align-items-center style-355 style-local-85-c2 position-relative\">\n    <!---->\n    <!---->\n    <div class=\"h-section-grid-container h-section-boxed-container\">\n      <!---->\n      <div data-colibri-id=\"85-c3\" class=\"h-row-container gutters-row-lg-2 gutters-row-md-2 gutters-row-0 gutters-row-v-lg-2 gutters-row-v-md-2 gutters-row-v-2 style-549 style-local-85-c3 position-relative\">\n        <!---->\n        <div class=\"h-row justify-content-lg-center justify-content-md-center justify-content-center align-items-lg-stretch align-items-md-stretch align-items-stretch gutters-col-lg-2 gutters-col-md-2 gutters-col-0 gutters-col-v-lg-2 gutters-col-v-md-2 gutters-col-v-2\">\n          <!---->\n          <div class=\"h-column h-column-container d-flex h-col-lg-auto h-col-md-auto h-col-auto style-550-outer style-local-85-c4-outer\">\n            <div data-colibri-id=\"85-c4\" class=\"d-flex h-flex-basis h-column__inner h-px-lg-2 h-px-md-2 h-px-2 v-inner-lg-2 v-inner-md-2 v-inner-2 style-550 style-local-85-c4 position-relative\">\n              <!---->\n              <!---->\n              <div class=\"w-100 h-y-container h-column__content h-column__v-align flex-basis-100 align-self-lg-start align-self-md-start align-self-start\">\n                <!---->\n                <div data-colibri-id=\"85-c5\" class=\"h-text h-text-component style-551 style-local-85-c5 position-relative h-element\">\n                  <!---->\n                  <!---->\n                  <div class=\"\">\n                    <p><span style=\"font-size: 105%; font-family: Antic;\">Les tarifs sont arr\u00eat\u00e9s par le Conseil D\u00e9partemental et l&#8217;ARS et r\u00e9\u00e9valu\u00e9s une fois par an.<\/span><\/p>\n                    <p><span style=\"font-size: 105%; font-family: Antic;\">Pour les r\u00e9sidents ne b\u00e9n\u00e9ficiant pas d&#8217;une aide sociale \u00e0 l&#8217;h\u00e9bergement, les tarifs &#8220;h\u00e9bergement&#8221; sont major\u00e9s de 10%.<\/span><\/p>\n                    <p><span style=\"font-size: 105%; font-family: Antic;\">Notre prix de journ\u00e9e comprend l\u2019ensemble des prestations offertes par l\u2019\u00e9tablissement :<\/span><\/p>\n                    <p><em style=\"font-size: 105%; font-family: Antic;\">La restauration<\/em><\/p>\n                    <p><em style=\"font-size: 105%; font-family: Antic;\">La blanchisserie<\/em><\/p>\n                    <p><em style=\"font-size: 105%; font-family: Antic;\">Les \u00e9ventuels produits li\u00e9s \u00e0 l\u2019incontinence<\/em><\/p>\n                    <p><em style=\"font-size: 105%; font-family: Antic;\">Le linge plat (draps, serviettes, gants\u2026)<\/em><\/p>\n                    <p><span style=\"font-size: 105%; font-family: Antic;\">Le tarif n\u2019inclue pas les repas de vos invit\u00e9s (13\u20ac en semaine \/ 16\u20ac le week-end), les prestations des intervenants ext\u00e9rieurs (coiffeuse, des soins de p\u00e9dicurie et esth\u00e9tiques) ni le t\u00e9l\u00e9phone (12\u20ac\/mois).<\/span><\/p>\n                    <p><span style=\"font-size: 105%; font-family: Antic;\">Pour 2025, les tarifs arr\u00eat\u00e9s par le Conseil D\u00e9partemental sont :<\/span><\/p>\n                  <\/div>\n                <\/div>\n              <\/div>\n            <\/div>\n          <\/div>\n        <\/div>\n      <\/div>\n    <\/div>\n  <\/div>\n  <div data-colibri-component=\"section\" data-colibri-id=\"85-c6\" id=\"custom\" class=\"h-section h-section-global-spacing d-flex align-items-lg-center align-items-md-center align-items-center style-521 style-local-85-c6 position-relative\">\n    <!---->\n    <!---->\n    <div class=\"h-section-grid-container h-section-boxed-container\">\n      <!---->\n      <div data-colibri-id=\"85-c7\" class=\"h-row-container gutters-row-lg-2 gutters-row-md-2 gutters-row-0 gutters-row-v-lg-2 gutters-row-v-md-2 gutters-row-v-2 style-803 style-local-85-c7 position-relative\">\n        <!---->\n        <div class=\"h-row justify-content-lg-center justify-content-md-center justify-content-center align-items-lg-stretch align-items-md-stretch align-items-stretch gutters-col-lg-2 gutters-col-md-2 gutters-col-0 gutters-col-v-lg-2 gutters-col-v-md-2 gutters-col-v-2\">\n          <!---->\n          <div class=\"h-column h-column-container d-flex h-col-lg-auto h-col-md-auto h-col-auto style-804-outer style-local-85-c8-outer\">\n            <div data-colibri-id=\"85-c8\" class=\"d-flex h-flex-basis h-column__inner h-px-lg-2 h-px-md-2 h-px-2 v-inner-lg-2 v-inner-md-2 v-inner-2 style-804 style-local-85-c8 position-relative\">\n              <!---->\n              <!---->\n              <div class=\"w-100 h-y-container h-column__content h-column__v-align flex-basis-100 align-self-lg-start align-self-md-start align-self-start\">\n                <!---->\n                <div data-colibri-id=\"85-c21\" class=\"d-block style-809 style-local-85-c21 position-relative h-element\">\n                  <!---->\n                  <div class=\"h-image__frame-container-outer\">\n                    <div class=\"h-image__frame-container\">\n                      <!---->\n                      <!---->\n                      <img loading=\"lazy\" width=\"916\" height=\"464\" src=\"http:\/\/ehpad-raymondpoulin.com\/wp-content\/uploads\/2026\/01\/cropped-Tarifs-20260101-Site-internet.jpg\" class=\"wp-image-3064 style-809-image style-local-85-c21-image\" srcset=\"https:\/\/ehpad-raymondpoulin.com\/wp-content\/uploads\/2026\/01\/cropped-Tarifs-20260101-Site-internet.jpg 916w, https:\/\/ehpad-raymondpoulin.com\/wp-content\/uploads\/2026\/01\/cropped-Tarifs-20260101-Site-internet-300x152.jpg 300w, https:\/\/ehpad-raymondpoulin.com\/wp-content\/uploads\/2026\/01\/cropped-Tarifs-20260101-Site-internet-768x389.jpg 768w\" sizes=\"(max-width: 916px) 100vw, 916px\" alt=\"\" \/>\n                      <div class=\"h-image__frame h-hide-lg h-hide-md h-hide-sm style-809-frameImage style-local-85-c21-frameImage\"><\/div>\n                    <\/div>\n                  <\/div>\n                <\/div>\n              <\/div>\n            <\/div>\n          <\/div>\n          <div class=\"h-column h-column-container d-flex h-col-lg-auto h-col-md-auto h-col-auto style-804-outer style-local-85-c19-outer\">\n            <div data-colibri-id=\"85-c19\" class=\"d-flex h-flex-basis h-column__inner h-px-lg-2 h-px-md-2 h-px-2 v-inner-lg-2 v-inner-md-2 v-inner-2 style-804 style-local-85-c19 position-relative\">\n              <!---->\n              <!---->\n              <div class=\"w-100 h-y-container h-column__content h-column__v-align flex-basis-100 align-self-lg-start align-self-md-start align-self-start\">\n                <!---->\n                <div data-colibri-id=\"85-c20\" class=\"d-block style-802 style-local-85-c20 position-relative h-element\">\n                  <!---->\n                  <div class=\"h-image__frame-container-outer\">\n                    <div class=\"h-image__frame-container\">\n                      <!---->\n                      <!---->\n                      <img loading=\"lazy\" width=\"662\" height=\"327\" src=\"http:\/\/ehpad-raymondpoulin.com\/wp-content\/uploads\/2025\/10\/AT-2025.jpg\" class=\"wp-image-3045 style-802-image style-local-85-c20-image\" srcset=\"https:\/\/ehpad-raymondpoulin.com\/wp-content\/uploads\/2025\/10\/AT-2025.jpg 662w, https:\/\/ehpad-raymondpoulin.com\/wp-content\/uploads\/2025\/10\/AT-2025-300x148.jpg 300w\" sizes=\"(max-width: 662px) 100vw, 662px\" alt=\"\" \/>\n                      <div class=\"h-image__frame h-hide-lg h-hide-md h-hide-sm style-802-frameImage style-local-85-c20-frameImage\"><\/div>\n                    <\/div>\n                  <\/div>\n                <\/div>\n              <\/div>\n            <\/div>\n          <\/div>\n        <\/div>\n      <\/div>\n    <\/div>\n  <\/div>\n  <div data-colibri-component=\"section\" data-colibri-id=\"85-c11\" id=\"about-2\" class=\"h-section h-section-global-spacing d-flex align-items-lg-center align-items-md-center align-items-center style-533 style-local-85-c11 position-relative\">\n    <!---->\n    <!---->\n    <div class=\"h-section-grid-container h-section-boxed-container\">\n      <!---->\n      <div data-colibri-id=\"85-c12\" class=\"h-row-container gutters-row-lg-2 gutters-row-md-2 gutters-row-0 gutters-row-v-lg-2 gutters-row-v-md-2 gutters-row-v-2 style-552 style-local-85-c12 position-relative\">\n        <!---->\n        <div class=\"h-row justify-content-lg-center justify-content-md-center justify-content-center align-items-lg-stretch align-items-md-stretch align-items-stretch gutters-col-lg-2 gutters-col-md-2 gutters-col-0 gutters-col-v-lg-2 gutters-col-v-md-2 gutters-col-v-2\">\n          <!---->\n          <div class=\"h-column h-column-container d-flex h-col-lg-auto h-col-md-auto h-col-auto style-553-outer style-local-85-c13-outer\">\n            <div data-colibri-id=\"85-c13\" class=\"d-flex h-flex-basis h-column__inner h-px-lg-2 h-px-md-2 h-px-2 v-inner-lg-2 v-inner-md-2 v-inner-2 style-553 style-local-85-c13 position-relative\">\n              <!---->\n              <!---->\n              <div class=\"w-100 h-y-container h-column__content h-column__v-align flex-basis-100 align-self-lg-start align-self-md-start align-self-start\">\n                <!---->\n                <div data-colibri-id=\"85-c14\" class=\"h-text h-text-component style-554 style-local-85-c14 position-relative h-element\">\n                  <!---->\n                  <!---->\n                  <div class=\"\">\n                    <p><span style=\"font-size: 88%; font-family: Antic; color: rgb(0, 0, 0); font-weight: 400;\">(1) Le <\/span><strong style=\"font-size: 88%; font-family: Antic; color: rgb(0, 0, 0); font-weight: 700;\">GIR<\/strong><span style=\"font-size: 88%; font-family: Antic; color: rgb(0, 0, 0); font-weight: 400;\"> (Groupe Iso-Ressources) correspond au niveau de perte d\u2019autonomie d\u2019une personne \u00e2g\u00e9e. Il est calcul\u00e9 \u00e0 partir de l\u2019\u00e9valuation effectu\u00e9e \u00e0 l\u2019aide de la grille AGGIR. Il existe six GIR : le GIR 1 est le niveau de perte d\u2019autonomie le plus fort et le GIR 6 le plus faible.<\/span><\/p>\n                    <p><span style=\"font-size: 88%; font-family: Antic; color: rgb(0, 0, 0); font-weight: 400;\">(2) Une <\/span><strong style=\"font-size: 88%; font-family: Antic; color: rgb(0, 0, 0); font-weight: 700;\">personne \u00e2g\u00e9e handicap\u00e9e de moins de 60 ans<\/strong>\n                      <span\n                        style=\"font-size: 88%; font-family: Antic; color: rgb(0, 0, 0); font-weight: 400;\"> souhaitant entrer en <\/span><strong style=\"font-size: 88%; font-family: Antic; color: rgb(0, 0, 0); font-weight: 700;\">EHPAD<\/strong><span style=\"font-size: 88%; font-family: Antic; color: rgb(0, 0, 0); font-weight: 400;\">, peut demander une d\u00e9rogation d&#8217;\u00e2ge aupr\u00e8s de la&nbsp;<\/span>\n                        <strong\n                          style=\"font-size: 88%; font-family: Antic; color: rgb(0, 0, 0); font-weight: 700;\">MDPH (Maison du D\u00e9partement et du Handicap) <\/strong><span style=\"font-size: 88%; font-family: Antic; color: rgb(0, 0, 0); font-weight: 400;\">dont d\u00e9pend la personne. Cette <\/span><strong style=\"font-size: 88%; font-family: Antic; color: rgb(0, 0, 0); font-weight: 700;\">d\u00e9rogation d&#8217;\u00e2ge<\/strong>\n                          <span\n                            style=\"font-size: 88%; font-family: Antic; color: rgb(0, 0, 0); font-weight: 400;\"> sera transmise avec le <\/span><strong style=\"font-size: 88%; font-family: Antic; color: rgb(0, 0, 0); font-weight: 700;\">dossier d&#8217;admission en EHPAD<\/strong><span style=\"font-size: 88%; font-family: Antic; color: rgb(0, 0, 0); font-weight: 400;\">. L&#8217;accord sera obtenu aupr\u00e8s du <\/span>\n                            <strong\n                              style=\"font-size: 88%; font-family: Antic; color: rgb(0, 0, 0); font-weight: 700;\">Conseil D\u00e9partemental.<\/strong>\n                    <\/p>\n                    <p><span style=\"font-size: 88%; font-family: Antic; color: rgb(0, 0, 0); font-weight: 400;\">(3) Pour les r\u00e9sidents provenant du Loiret, la prise en charge de la d\u00e9pendance est automatique et d\u00e9duite de la facturation.<\/span><\/p>\n                    <p><span style=\"font-size: 88%; font-family: Antic; color: rgb(0, 0, 0); font-weight: 400;\">(4) Les r\u00e9sidents provenant d\u2019un autre d\u00e9partement devront demander la prise en charge de la d\u00e9pendance aupr\u00e8s de leur conseil d\u00e9partemental d\u2019origine.<\/span><\/p>\n                    <p><span style=\"font-size: 88%; font-family: Antic; color: rgb(0, 0, 0); font-weight: 400;\">(5) Si vous b\u00e9n\u00e9ficiez de <\/span>\n                      <a href=\"https:\/\/www.pour-les-personnes-agees.gouv.fr\/vivre-a-domicile\/aides-financieres\/lapa-domicile\" style=\"font-size: 88%; font-family: Antic; color: rgb(0, 0, 0); font-weight: 400;\"\n                        class=\"customize-unpreviewable\">l\u2019APA (Allocation Personnalis\u00e9e d\u2019Autonomie) \u00e0 domicile<\/a><span style=\"font-size: 88%; font-family: Antic; color: rgb(0, 0, 0); font-weight: 400;\">, une partie du co\u00fbt d\u2019un s\u00e9jour temporaire en \u00e9tablissement d\u2019h\u00e9bergement pourra \u00eatre pris en charge.<\/span><\/p>\n                  <\/div>\n                <\/div>\n              <\/div>\n            <\/div>\n          <\/div>\n        <\/div>\n      <\/div>\n    <\/div>\n  <\/div>\n<\/div>","protected":false},"excerpt":{"rendered":"<p>Les tarifs sont arr\u00eat\u00e9s par le Conseil D\u00e9partemental et l&#8217;ARS et r\u00e9\u00e9valu\u00e9s une fois par an. Pour les r\u00e9sidents ne b\u00e9n\u00e9ficiant pas d&#8217;une aide sociale \u00e0 l&#8217;h\u00e9bergement, les tarifs &#8220;h\u00e9bergement&#8221; sont major\u00e9s de 10%. Notre prix de journ\u00e9e comprend l\u2019ensemble des prestations offertes par l\u2019\u00e9tablissement : La restauration La blanchisserie Les \u00e9ventuels produits li\u00e9s \u00e0 [&hellip;]<\/p>\n","protected":false},"author":1,"featured_media":0,"parent":0,"menu_order":0,"comment_status":"closed","ping_status":"closed","template":"page-templates\/full-width-page.php","meta":[],"yoast_head":"<!-- This site is optimized with the Yoast SEO plugin v17.5 - https:\/\/yoast.com\/wordpress\/plugins\/seo\/ -->\n<title>Tarifs - EHPAD Raymond Poulin<\/title>\n<meta name=\"robots\" content=\"index, follow, max-snippet:-1, max-image-preview:large, max-video-preview:-1\" \/>\n<link rel=\"canonical\" href=\"https:\/\/ehpad-raymondpoulin.com\/?page_id=85\" \/>\n<meta property=\"og:locale\" content=\"fr_FR\" \/>\n<meta property=\"og:type\" content=\"article\" \/>\n<meta property=\"og:title\" content=\"Tarifs - EHPAD Raymond Poulin\" \/>\n<meta property=\"og:description\" content=\"Les tarifs sont arr\u00eat\u00e9s par le Conseil D\u00e9partemental et l&#8217;ARS et r\u00e9\u00e9valu\u00e9s une fois par an. Pour les r\u00e9sidents ne b\u00e9n\u00e9ficiant pas d&#8217;une aide sociale \u00e0 l&#8217;h\u00e9bergement, les tarifs &#8220;h\u00e9bergement&#8221; sont major\u00e9s de 10%. Notre prix de journ\u00e9e comprend l\u2019ensemble des prestations offertes par l\u2019\u00e9tablissement : La restauration La blanchisserie Les \u00e9ventuels produits li\u00e9s \u00e0 [&hellip;]\" \/>\n<meta property=\"og:url\" content=\"https:\/\/ehpad-raymondpoulin.com\/?page_id=85\" \/>\n<meta property=\"og:site_name\" content=\"EHPAD Raymond Poulin\" \/>\n<meta property=\"article:modified_time\" content=\"2026-01-08T13:10:25+00:00\" \/>\n<meta property=\"og:image\" content=\"http:\/\/ehpad-raymondpoulin.com\/wp-content\/uploads\/2026\/01\/cropped-Tarifs-20260101-Site-internet.jpg\" \/>\n<meta name=\"twitter:card\" content=\"summary_large_image\" \/>\n<meta name=\"twitter:label1\" content=\"Dur\u00e9e de lecture est.\" \/>\n\t<meta name=\"twitter:data1\" content=\"2 minutes\" \/>\n<script type=\"application\/ld+json\" class=\"yoast-schema-graph\">{\"@context\":\"https:\/\/schema.org\",\"@graph\":[{\"@type\":\"WebSite\",\"@id\":\"http:\/\/ehpad-raymondpoulin.com\/#website\",\"url\":\"http:\/\/ehpad-raymondpoulin.com\/\",\"name\":\"EHPAD Raymond Poulin\",\"description\":\"EHPAD RAYMOND POULIN\",\"potentialAction\":[{\"@type\":\"SearchAction\",\"target\":{\"@type\":\"EntryPoint\",\"urlTemplate\":\"http:\/\/ehpad-raymondpoulin.com\/?s={search_term_string}\"},\"query-input\":\"required name=search_term_string\"}],\"inLanguage\":\"fr-FR\"},{\"@type\":\"ImageObject\",\"@id\":\"https:\/\/ehpad-raymondpoulin.com\/?page_id=85#primaryimage\",\"inLanguage\":\"fr-FR\",\"url\":\"http:\/\/ehpad-raymondpoulin.com\/wp-content\/uploads\/2026\/01\/cropped-Tarifs-20260101-Site-internet.jpg\",\"contentUrl\":\"http:\/\/ehpad-raymondpoulin.com\/wp-content\/uploads\/2026\/01\/cropped-Tarifs-20260101-Site-internet.jpg\"},{\"@type\":\"WebPage\",\"@id\":\"https:\/\/ehpad-raymondpoulin.com\/?page_id=85#webpage\",\"url\":\"https:\/\/ehpad-raymondpoulin.com\/?page_id=85\",\"name\":\"Tarifs - EHPAD Raymond Poulin\",\"isPartOf\":{\"@id\":\"http:\/\/ehpad-raymondpoulin.com\/#website\"},\"primaryImageOfPage\":{\"@id\":\"https:\/\/ehpad-raymondpoulin.com\/?page_id=85#primaryimage\"},\"datePublished\":\"2020-07-10T07:32:04+00:00\",\"dateModified\":\"2026-01-08T13:10:25+00:00\",\"breadcrumb\":{\"@id\":\"https:\/\/ehpad-raymondpoulin.com\/?page_id=85#breadcrumb\"},\"inLanguage\":\"fr-FR\",\"potentialAction\":[{\"@type\":\"ReadAction\",\"target\":[\"https:\/\/ehpad-raymondpoulin.com\/?page_id=85\"]}]},{\"@type\":\"BreadcrumbList\",\"@id\":\"https:\/\/ehpad-raymondpoulin.com\/?page_id=85#breadcrumb\",\"itemListElement\":[{\"@type\":\"ListItem\",\"position\":1,\"name\":\"Accueil\",\"item\":\"http:\/\/ehpad-raymondpoulin.com\/\"},{\"@type\":\"ListItem\",\"position\":2,\"name\":\"Tarifs\"}]}]}<\/script>\n<!-- \/ Yoast SEO plugin. -->","yoast_head_json":{"title":"Tarifs - EHPAD Raymond Poulin","robots":{"index":"index","follow":"follow","max-snippet":"max-snippet:-1","max-image-preview":"max-image-preview:large","max-video-preview":"max-video-preview:-1"},"canonical":"https:\/\/ehpad-raymondpoulin.com\/?page_id=85","og_locale":"fr_FR","og_type":"article","og_title":"Tarifs - EHPAD Raymond Poulin","og_description":"Les tarifs sont arr\u00eat\u00e9s par le Conseil D\u00e9partemental et l&#8217;ARS et r\u00e9\u00e9valu\u00e9s une fois par an. Pour les r\u00e9sidents ne b\u00e9n\u00e9ficiant pas d&#8217;une aide sociale \u00e0 l&#8217;h\u00e9bergement, les tarifs &#8220;h\u00e9bergement&#8221; sont major\u00e9s de 10%. Notre prix de journ\u00e9e comprend l\u2019ensemble des prestations offertes par l\u2019\u00e9tablissement : La restauration La blanchisserie Les \u00e9ventuels produits li\u00e9s \u00e0 [&hellip;]","og_url":"https:\/\/ehpad-raymondpoulin.com\/?page_id=85","og_site_name":"EHPAD Raymond Poulin","article_modified_time":"2026-01-08T13:10:25+00:00","og_image":[{"url":"http:\/\/ehpad-raymondpoulin.com\/wp-content\/uploads\/2026\/01\/cropped-Tarifs-20260101-Site-internet.jpg"}],"twitter_card":"summary_large_image","twitter_misc":{"Dur\u00e9e de lecture est.":"2 minutes"},"schema":{"@context":"https:\/\/schema.org","@graph":[{"@type":"WebSite","@id":"http:\/\/ehpad-raymondpoulin.com\/#website","url":"http:\/\/ehpad-raymondpoulin.com\/","name":"EHPAD Raymond Poulin","description":"EHPAD RAYMOND POULIN","potentialAction":[{"@type":"SearchAction","target":{"@type":"EntryPoint","urlTemplate":"http:\/\/ehpad-raymondpoulin.com\/?s={search_term_string}"},"query-input":"required name=search_term_string"}],"inLanguage":"fr-FR"},{"@type":"ImageObject","@id":"https:\/\/ehpad-raymondpoulin.com\/?page_id=85#primaryimage","inLanguage":"fr-FR","url":"http:\/\/ehpad-raymondpoulin.com\/wp-content\/uploads\/2026\/01\/cropped-Tarifs-20260101-Site-internet.jpg","contentUrl":"http:\/\/ehpad-raymondpoulin.com\/wp-content\/uploads\/2026\/01\/cropped-Tarifs-20260101-Site-internet.jpg"},{"@type":"WebPage","@id":"https:\/\/ehpad-raymondpoulin.com\/?page_id=85#webpage","url":"https:\/\/ehpad-raymondpoulin.com\/?page_id=85","name":"Tarifs - EHPAD Raymond Poulin","isPartOf":{"@id":"http:\/\/ehpad-raymondpoulin.com\/#website"},"primaryImageOfPage":{"@id":"https:\/\/ehpad-raymondpoulin.com\/?page_id=85#primaryimage"},"datePublished":"2020-07-10T07:32:04+00:00","dateModified":"2026-01-08T13:10:25+00:00","breadcrumb":{"@id":"https:\/\/ehpad-raymondpoulin.com\/?page_id=85#breadcrumb"},"inLanguage":"fr-FR","potentialAction":[{"@type":"ReadAction","target":["https:\/\/ehpad-raymondpoulin.com\/?page_id=85"]}]},{"@type":"BreadcrumbList","@id":"https:\/\/ehpad-raymondpoulin.com\/?page_id=85#breadcrumb","itemListElement":[{"@type":"ListItem","position":1,"name":"Accueil","item":"http:\/\/ehpad-raymondpoulin.com\/"},{"@type":"ListItem","position":2,"name":"Tarifs"}]}]}},"_links":{"self":[{"href":"https:\/\/ehpad-raymondpoulin.com\/index.php?rest_route=\/wp\/v2\/pages\/85"}],"collection":[{"href":"https:\/\/ehpad-raymondpoulin.com\/index.php?rest_route=\/wp\/v2\/pages"}],"about":[{"href":"https:\/\/ehpad-raymondpoulin.com\/index.php?rest_route=\/wp\/v2\/types\/page"}],"author":[{"embeddable":true,"href":"https:\/\/ehpad-raymondpoulin.com\/index.php?rest_route=\/wp\/v2\/users\/1"}],"replies":[{"embeddable":true,"href":"https:\/\/ehpad-raymondpoulin.com\/index.php?rest_route=%2Fwp%2Fv2%2Fcomments&post=85"}],"version-history":[{"count":20,"href":"https:\/\/ehpad-raymondpoulin.com\/index.php?rest_route=\/wp\/v2\/pages\/85\/revisions"}],"predecessor-version":[{"id":3075,"href":"https:\/\/ehpad-raymondpoulin.com\/index.php?rest_route=\/wp\/v2\/pages\/85\/revisions\/3075"}],"wp:attachment":[{"href":"https:\/\/ehpad-raymondpoulin.com\/index.php?rest_route=%2Fwp%2Fv2%2Fmedia&parent=85"}],"curies":[{"name":"wp","href":"https:\/\/api.w.org\/{rel}","templated":true}]}}